{"id":3695661,"date":"2025-10-13T14:06:01","date_gmt":"2025-10-13T18:06:01","guid":{"rendered":"https:\/\/stoic-curie.212-227-153-4.plesk.page\/product\/lamina-de-reposicao-para-cortador-de-corda-fusion\/"},"modified":"2026-02-25T00:27:52","modified_gmt":"2026-02-25T00:27:52","slug":"lamina-de-reposicao-para-cortador-de-corda-fusion","status":"publish","type":"product","link":"https:\/\/stoic-curie.212-227-153-4.plesk.page\/pt\/product\/lamina-de-reposicao-para-cortador-de-corda-fusion\/","title":{"rendered":"L\u00e2mina de Reposi\u00e7\u00e3o para Cortador de Corda Fusion"},"content":{"rendered":"<p>L\u00e2mina de Reposi\u00e7\u00e3o para Cortador de Corda Fusion &#8211; <\/p>\n<p>Cortador de cordas el\u00e9trico port\u00e1til, sem fio e recarreg\u00e1vel. Alcan\u00e7a 400 \u00b0C em poucos segundos e corta rapidamente at\u00e9 cordas de grande di\u00e2metro, tran\u00e7as e cabos. Tamb\u00e9m \u00e9 adequado para cortar velas, toldos, cintos, fitas e qualquer lona sint\u00e9tica. Completo com l\u00e2mina, escova de limpeza, bateria recarreg\u00e1vel e carregador. Vem com uma caixa de ferramentas port\u00e1til.<\/p>\n","protected":false},"excerpt":{"rendered":"<p>L\u00e2mina de Reposi\u00e7\u00e3o para Cortador de Corda Fusion &#8211; Cortador de cordas el\u00e9trico port\u00e1til, sem fio e recarreg\u00e1vel. Alcan\u00e7a 400<\/p>\n","protected":false},"featured_media":5939683,"comment_status":"closed","ping_status":"closed","template":"","meta":[],"product_brand":[3067],"product_cat":[2143,1900],"product_tag":[],"class_list":{"0":"post-3695661","1":"product","2":"type-product","3":"status-publish","4":"has-post-thumbnail","6":"product_brand-liros-pt","7":"product_cat-facas-canivetes-e-ferramentas","8":"product_cat-ferramentas-para-remendos","10":"first","11":"instock","12":"shipping-taxable","13":"purchasable","14":"product-type-simple"},"_links":{"self":[{"href":"https:\/\/stoic-curie.212-227-153-4.plesk.page\/pt\/wp-json\/wp\/v2\/product\/3695661","targetHints":{"allow":["GET"]}}],"collection":[{"href":"https:\/\/stoic-curie.212-227-153-4.plesk.page\/pt\/wp-json\/wp\/v2\/product"}],"about":[{"href":"https:\/\/stoic-curie.212-227-153-4.plesk.page\/pt\/wp-json\/wp\/v2\/types\/product"}],"replies":[{"embeddable":true,"href":"https:\/\/stoic-curie.212-227-153-4.plesk.page\/pt\/wp-json\/wp\/v2\/comments?post=3695661"}],"version-history":[{"count":0,"href":"https:\/\/stoic-curie.212-227-153-4.plesk.page\/pt\/wp-json\/wp\/v2\/product\/3695661\/revisions"}],"wp:featuredmedia":[{"embeddable":true,"href":"https:\/\/stoic-curie.212-227-153-4.plesk.page\/pt\/wp-json\/wp\/v2\/media\/5939683"}],"wp:attachment":[{"href":"https:\/\/stoic-curie.212-227-153-4.plesk.page\/pt\/wp-json\/wp\/v2\/media?parent=3695661"}],"wp:term":[{"taxonomy":"product_brand","embeddable":true,"href":"https:\/\/stoic-curie.212-227-153-4.plesk.page\/pt\/wp-json\/wp\/v2\/product_brand?post=3695661"},{"taxonomy":"product_cat","embeddable":true,"href":"https:\/\/stoic-curie.212-227-153-4.plesk.page\/pt\/wp-json\/wp\/v2\/product_cat?post=3695661"},{"taxonomy":"product_tag","embeddable":true,"href":"https:\/\/stoic-curie.212-227-153-4.plesk.page\/pt\/wp-json\/wp\/v2\/product_tag?post=3695661"}],"curies":[{"name":"wp","href":"https:\/\/api.w.org\/{rel}","templated":true}]}}