{"id":3695768,"date":"2025-10-13T14:06:27","date_gmt":"2025-10-13T18:06:27","guid":{"rendered":"https:\/\/stoic-curie.212-227-153-4.plesk.page\/product\/bandeiras-de-sinalizacao-numero-9-20-x-30cm\/"},"modified":"2026-02-25T00:27:52","modified_gmt":"2026-02-25T00:27:52","slug":"bandeiras-de-sinalizacao-numero-9-20-x-30cm","status":"publish","type":"product","link":"https:\/\/stoic-curie.212-227-153-4.plesk.page\/pt\/product\/bandeiras-de-sinalizacao-numero-9-20-x-30cm\/","title":{"rendered":"Bandeiras de Sinaliza\u00e7\u00e3o: N\u00famero 9 &#8211; 20 x 30cm"},"content":{"rendered":"<p>Bandeiras de Sinaliza\u00e7\u00e3o: N\u00famero 9 &#8211; 20 x 30cm &#8211; <\/p>\n<p>N\u00famero 9.<\/p>\n","protected":false},"excerpt":{"rendered":"<p>Bandeiras de Sinaliza\u00e7\u00e3o: N\u00famero 9 &#8211; 20 x 30cm &#8211; N\u00famero 9.<\/p>\n","protected":false},"featured_media":5937575,"comment_status":"closed","ping_status":"closed","template":"","meta":[],"product_brand":[3117],"product_cat":[2068],"product_tag":[],"class_list":{"0":"post-3695768","1":"product","2":"type-product","3":"status-publish","4":"has-post-thumbnail","6":"product_brand-marine-flags-pt","7":"product_cat-bandeiras-de-sinalizacao","9":"first","10":"instock","11":"shipping-taxable","12":"purchasable","13":"product-type-simple"},"_links":{"self":[{"href":"https:\/\/stoic-curie.212-227-153-4.plesk.page\/pt\/wp-json\/wp\/v2\/product\/3695768","targetHints":{"allow":["GET"]}}],"collection":[{"href":"https:\/\/stoic-curie.212-227-153-4.plesk.page\/pt\/wp-json\/wp\/v2\/product"}],"about":[{"href":"https:\/\/stoic-curie.212-227-153-4.plesk.page\/pt\/wp-json\/wp\/v2\/types\/product"}],"replies":[{"embeddable":true,"href":"https:\/\/stoic-curie.212-227-153-4.plesk.page\/pt\/wp-json\/wp\/v2\/comments?post=3695768"}],"version-history":[{"count":0,"href":"https:\/\/stoic-curie.212-227-153-4.plesk.page\/pt\/wp-json\/wp\/v2\/product\/3695768\/revisions"}],"wp:featuredmedia":[{"embeddable":true,"href":"https:\/\/stoic-curie.212-227-153-4.plesk.page\/pt\/wp-json\/wp\/v2\/media\/5937575"}],"wp:attachment":[{"href":"https:\/\/stoic-curie.212-227-153-4.plesk.page\/pt\/wp-json\/wp\/v2\/media?parent=3695768"}],"wp:term":[{"taxonomy":"product_brand","embeddable":true,"href":"https:\/\/stoic-curie.212-227-153-4.plesk.page\/pt\/wp-json\/wp\/v2\/product_brand?post=3695768"},{"taxonomy":"product_cat","embeddable":true,"href":"https:\/\/stoic-curie.212-227-153-4.plesk.page\/pt\/wp-json\/wp\/v2\/product_cat?post=3695768"},{"taxonomy":"product_tag","embeddable":true,"href":"https:\/\/stoic-curie.212-227-153-4.plesk.page\/pt\/wp-json\/wp\/v2\/product_tag?post=3695768"}],"curies":[{"name":"wp","href":"https:\/\/api.w.org\/{rel}","templated":true}]}}