{"id":3695775,"date":"2025-10-13T14:06:29","date_gmt":"2025-10-13T18:06:29","guid":{"rendered":"https:\/\/stoic-curie.212-227-153-4.plesk.page\/product\/tensionadores-tubulares-de-aco-inoxidavel-m5\/"},"modified":"2026-02-25T00:27:52","modified_gmt":"2026-02-25T00:27:52","slug":"tensionadores-tubulares-de-aco-inoxidavel-m5","status":"publish","type":"product","link":"https:\/\/stoic-curie.212-227-153-4.plesk.page\/pt\/product\/tensionadores-tubulares-de-aco-inoxidavel-m5\/","title":{"rendered":"Tensionadores Tubulares de A\u00e7o Inoxid\u00e1vel M5"},"content":{"rendered":"<p>Tensionadores Tubulares de A\u00e7o Inoxid\u00e1vel M5 &#8211; <\/p>\n<p>Parafusos de rigging cl\u00e1ssicos em a\u00e7o inoxid\u00e1vel 316 polido.<\/p>\n","protected":false},"excerpt":{"rendered":"<p>Tensionadores Tubulares de A\u00e7o Inoxid\u00e1vel M5 &#8211; Parafusos de rigging cl\u00e1ssicos em a\u00e7o inoxid\u00e1vel 316 polido.<\/p>\n","protected":false},"featured_media":5939820,"comment_status":"closed","ping_status":"closed","template":"","meta":[],"product_brand":[3122],"product_cat":[2044,1988],"product_tag":[],"class_list":{"0":"post-3695775","1":"product","2":"type-product","3":"status-publish","4":"has-post-thumbnail","6":"product_brand-marinetech-pt","7":"product_cat-esticadores","8":"product_cat-esticadores-para-cabos","10":"first","11":"instock","12":"shipping-taxable","13":"purchasable","14":"product-type-simple"},"_links":{"self":[{"href":"https:\/\/stoic-curie.212-227-153-4.plesk.page\/pt\/wp-json\/wp\/v2\/product\/3695775","targetHints":{"allow":["GET"]}}],"collection":[{"href":"https:\/\/stoic-curie.212-227-153-4.plesk.page\/pt\/wp-json\/wp\/v2\/product"}],"about":[{"href":"https:\/\/stoic-curie.212-227-153-4.plesk.page\/pt\/wp-json\/wp\/v2\/types\/product"}],"replies":[{"embeddable":true,"href":"https:\/\/stoic-curie.212-227-153-4.plesk.page\/pt\/wp-json\/wp\/v2\/comments?post=3695775"}],"version-history":[{"count":0,"href":"https:\/\/stoic-curie.212-227-153-4.plesk.page\/pt\/wp-json\/wp\/v2\/product\/3695775\/revisions"}],"wp:featuredmedia":[{"embeddable":true,"href":"https:\/\/stoic-curie.212-227-153-4.plesk.page\/pt\/wp-json\/wp\/v2\/media\/5939820"}],"wp:attachment":[{"href":"https:\/\/stoic-curie.212-227-153-4.plesk.page\/pt\/wp-json\/wp\/v2\/media?parent=3695775"}],"wp:term":[{"taxonomy":"product_brand","embeddable":true,"href":"https:\/\/stoic-curie.212-227-153-4.plesk.page\/pt\/wp-json\/wp\/v2\/product_brand?post=3695775"},{"taxonomy":"product_cat","embeddable":true,"href":"https:\/\/stoic-curie.212-227-153-4.plesk.page\/pt\/wp-json\/wp\/v2\/product_cat?post=3695775"},{"taxonomy":"product_tag","embeddable":true,"href":"https:\/\/stoic-curie.212-227-153-4.plesk.page\/pt\/wp-json\/wp\/v2\/product_tag?post=3695775"}],"curies":[{"name":"wp","href":"https:\/\/api.w.org\/{rel}","templated":true}]}}