{"id":3695787,"date":"2025-10-13T14:06:33","date_gmt":"2025-10-13T18:06:33","guid":{"rendered":"https:\/\/stoic-curie.212-227-153-4.plesk.page\/product\/terminais-rapidos-de-olhal-de-aco-inoxidavel-para-cabo-6mm\/"},"modified":"2026-02-25T00:27:52","modified_gmt":"2026-02-25T00:27:52","slug":"terminais-rapidos-de-olhal-de-aco-inoxidavel-para-cabo-6mm","status":"publish","type":"product","link":"https:\/\/stoic-curie.212-227-153-4.plesk.page\/pt\/product\/terminais-rapidos-de-olhal-de-aco-inoxidavel-para-cabo-6mm\/","title":{"rendered":"Terminais R\u00e1pidos de Olhal de A\u00e7o Inoxid\u00e1vel para Cabo 6mm"},"content":{"rendered":"<p>Terminais R\u00e1pidos de Olhal de A\u00e7o Inoxid\u00e1vel para Cabo 6mm &#8211; <\/p>\n<p>Terminais de olho sem mola em a\u00e7o inoxid\u00e1vel 316. Poder de fixa\u00e7\u00e3o excepcional, equivalente \u00e0 carga de ruptura do fio. F\u00e1cil de montar, basta inserir o fio de a\u00e7o no terminal e o eixo o agarra automaticamente. Adequado para todos os tipos de fios de a\u00e7o (fios 19\/49\/133).<\/p>\n","protected":false},"excerpt":{"rendered":"<p>Terminais R\u00e1pidos de Olhal de A\u00e7o Inoxid\u00e1vel para Cabo 6mm &#8211; Terminais de olho sem mola em a\u00e7o inoxid\u00e1vel 316.<\/p>\n","protected":false},"featured_media":5939822,"comment_status":"closed","ping_status":"closed","template":"","meta":[],"product_brand":[3122],"product_cat":[2052,1983],"product_tag":[],"class_list":{"0":"post-3695787","1":"product","2":"type-product","3":"status-publish","4":"has-post-thumbnail","6":"product_brand-marinetech-pt","7":"product_cat-ferragens","8":"product_cat-terminais-para-cabos-inox","10":"first","11":"instock","12":"shipping-taxable","13":"purchasable","14":"product-type-simple"},"_links":{"self":[{"href":"https:\/\/stoic-curie.212-227-153-4.plesk.page\/pt\/wp-json\/wp\/v2\/product\/3695787","targetHints":{"allow":["GET"]}}],"collection":[{"href":"https:\/\/stoic-curie.212-227-153-4.plesk.page\/pt\/wp-json\/wp\/v2\/product"}],"about":[{"href":"https:\/\/stoic-curie.212-227-153-4.plesk.page\/pt\/wp-json\/wp\/v2\/types\/product"}],"replies":[{"embeddable":true,"href":"https:\/\/stoic-curie.212-227-153-4.plesk.page\/pt\/wp-json\/wp\/v2\/comments?post=3695787"}],"version-history":[{"count":0,"href":"https:\/\/stoic-curie.212-227-153-4.plesk.page\/pt\/wp-json\/wp\/v2\/product\/3695787\/revisions"}],"wp:featuredmedia":[{"embeddable":true,"href":"https:\/\/stoic-curie.212-227-153-4.plesk.page\/pt\/wp-json\/wp\/v2\/media\/5939822"}],"wp:attachment":[{"href":"https:\/\/stoic-curie.212-227-153-4.plesk.page\/pt\/wp-json\/wp\/v2\/media?parent=3695787"}],"wp:term":[{"taxonomy":"product_brand","embeddable":true,"href":"https:\/\/stoic-curie.212-227-153-4.plesk.page\/pt\/wp-json\/wp\/v2\/product_brand?post=3695787"},{"taxonomy":"product_cat","embeddable":true,"href":"https:\/\/stoic-curie.212-227-153-4.plesk.page\/pt\/wp-json\/wp\/v2\/product_cat?post=3695787"},{"taxonomy":"product_tag","embeddable":true,"href":"https:\/\/stoic-curie.212-227-153-4.plesk.page\/pt\/wp-json\/wp\/v2\/product_tag?post=3695787"}],"curies":[{"name":"wp","href":"https:\/\/api.w.org\/{rel}","templated":true}]}}