{"id":3695789,"date":"2025-10-13T14:06:33","date_gmt":"2025-10-13T18:06:33","guid":{"rendered":"https:\/\/stoic-curie.212-227-153-4.plesk.page\/product\/terminais-rapidos-de-olhal-de-aco-inoxidavel-swage-d6\/"},"modified":"2026-02-25T00:27:52","modified_gmt":"2026-02-25T00:27:52","slug":"terminais-rapidos-de-olhal-de-aco-inoxidavel-swage-d6","status":"publish","type":"product","link":"https:\/\/stoic-curie.212-227-153-4.plesk.page\/pt\/product\/terminais-rapidos-de-olhal-de-aco-inoxidavel-swage-d6\/","title":{"rendered":"Terminais R\u00e1pidos de Olhal de A\u00e7o Inoxid\u00e1vel Swage D6"},"content":{"rendered":"<p>Terminais R\u00e1pidos de Olhal de A\u00e7o Inoxid\u00e1vel Swage D6 &#8211; <\/p>\n<p>Terminal de altern\u00e2ncia em a\u00e7o inoxid\u00e1vel 316.<\/p>\n","protected":false},"excerpt":{"rendered":"<p>Terminais R\u00e1pidos de Olhal de A\u00e7o Inoxid\u00e1vel Swage D6 &#8211; Terminal de altern\u00e2ncia em a\u00e7o inoxid\u00e1vel 316.<\/p>\n","protected":false},"featured_media":5939825,"comment_status":"closed","ping_status":"closed","template":"","meta":[],"product_brand":[3122],"product_cat":[2052,1983],"product_tag":[],"class_list":{"0":"post-3695789","1":"product","2":"type-product","3":"status-publish","4":"has-post-thumbnail","6":"product_brand-marinetech-pt","7":"product_cat-ferragens","8":"product_cat-terminais-para-cabos-inox","10":"first","11":"instock","12":"shipping-taxable","13":"purchasable","14":"product-type-simple"},"_links":{"self":[{"href":"https:\/\/stoic-curie.212-227-153-4.plesk.page\/pt\/wp-json\/wp\/v2\/product\/3695789","targetHints":{"allow":["GET"]}}],"collection":[{"href":"https:\/\/stoic-curie.212-227-153-4.plesk.page\/pt\/wp-json\/wp\/v2\/product"}],"about":[{"href":"https:\/\/stoic-curie.212-227-153-4.plesk.page\/pt\/wp-json\/wp\/v2\/types\/product"}],"replies":[{"embeddable":true,"href":"https:\/\/stoic-curie.212-227-153-4.plesk.page\/pt\/wp-json\/wp\/v2\/comments?post=3695789"}],"version-history":[{"count":0,"href":"https:\/\/stoic-curie.212-227-153-4.plesk.page\/pt\/wp-json\/wp\/v2\/product\/3695789\/revisions"}],"wp:featuredmedia":[{"embeddable":true,"href":"https:\/\/stoic-curie.212-227-153-4.plesk.page\/pt\/wp-json\/wp\/v2\/media\/5939825"}],"wp:attachment":[{"href":"https:\/\/stoic-curie.212-227-153-4.plesk.page\/pt\/wp-json\/wp\/v2\/media?parent=3695789"}],"wp:term":[{"taxonomy":"product_brand","embeddable":true,"href":"https:\/\/stoic-curie.212-227-153-4.plesk.page\/pt\/wp-json\/wp\/v2\/product_brand?post=3695789"},{"taxonomy":"product_cat","embeddable":true,"href":"https:\/\/stoic-curie.212-227-153-4.plesk.page\/pt\/wp-json\/wp\/v2\/product_cat?post=3695789"},{"taxonomy":"product_tag","embeddable":true,"href":"https:\/\/stoic-curie.212-227-153-4.plesk.page\/pt\/wp-json\/wp\/v2\/product_tag?post=3695789"}],"curies":[{"name":"wp","href":"https:\/\/api.w.org\/{rel}","templated":true}]}}