{"id":3695795,"date":"2025-10-13T14:06:35","date_gmt":"2025-10-13T18:06:35","guid":{"rendered":"https:\/\/stoic-curie.212-227-153-4.plesk.page\/product\/manilhas-automaticas-de-aco-inoxidavel-wichard-de-8-mm\/"},"modified":"2026-02-25T00:27:52","modified_gmt":"2026-02-25T00:27:52","slug":"manilhas-automaticas-de-aco-inoxidavel-wichard-de-8-mm","status":"publish","type":"product","link":"https:\/\/stoic-curie.212-227-153-4.plesk.page\/pt\/product\/manilhas-automaticas-de-aco-inoxidavel-wichard-de-8-mm\/","title":{"rendered":"Manilhas autom\u00e1ticas de a\u00e7o inoxid\u00e1vel Wichard de 8 mm"},"content":{"rendered":"<p>Manilhas autom\u00e1ticas de a\u00e7o inoxid\u00e1vel Wichard de 8 mm &#8211; <\/p>\n<p>Pino-chave Wichard em a\u00e7o inoxid\u00e1vel 316 com gancho longo tipo Dee. Carga de ruptura (BL) testada e garantida.<\/p>\n","protected":false},"excerpt":{"rendered":"<p>Manilhas autom\u00e1ticas de a\u00e7o inoxid\u00e1vel Wichard de 8 mm &#8211; Pino-chave Wichard em a\u00e7o inoxid\u00e1vel 316 com gancho longo tipo<\/p>\n","protected":false},"featured_media":5939827,"comment_status":"closed","ping_status":"closed","template":"","meta":[],"product_brand":[3537],"product_cat":[1980,2051],"product_tag":[],"class_list":{"0":"post-3695795","1":"product","2":"type-product","3":"status-publish","4":"has-post-thumbnail","6":"product_brand-wichard-pt","7":"product_cat-manillas","8":"product_cat-mosquetoes-e-manilhas","10":"first","11":"instock","12":"shipping-taxable","13":"purchasable","14":"product-type-simple"},"_links":{"self":[{"href":"https:\/\/stoic-curie.212-227-153-4.plesk.page\/pt\/wp-json\/wp\/v2\/product\/3695795","targetHints":{"allow":["GET"]}}],"collection":[{"href":"https:\/\/stoic-curie.212-227-153-4.plesk.page\/pt\/wp-json\/wp\/v2\/product"}],"about":[{"href":"https:\/\/stoic-curie.212-227-153-4.plesk.page\/pt\/wp-json\/wp\/v2\/types\/product"}],"replies":[{"embeddable":true,"href":"https:\/\/stoic-curie.212-227-153-4.plesk.page\/pt\/wp-json\/wp\/v2\/comments?post=3695795"}],"version-history":[{"count":0,"href":"https:\/\/stoic-curie.212-227-153-4.plesk.page\/pt\/wp-json\/wp\/v2\/product\/3695795\/revisions"}],"wp:featuredmedia":[{"embeddable":true,"href":"https:\/\/stoic-curie.212-227-153-4.plesk.page\/pt\/wp-json\/wp\/v2\/media\/5939827"}],"wp:attachment":[{"href":"https:\/\/stoic-curie.212-227-153-4.plesk.page\/pt\/wp-json\/wp\/v2\/media?parent=3695795"}],"wp:term":[{"taxonomy":"product_brand","embeddable":true,"href":"https:\/\/stoic-curie.212-227-153-4.plesk.page\/pt\/wp-json\/wp\/v2\/product_brand?post=3695795"},{"taxonomy":"product_cat","embeddable":true,"href":"https:\/\/stoic-curie.212-227-153-4.plesk.page\/pt\/wp-json\/wp\/v2\/product_cat?post=3695795"},{"taxonomy":"product_tag","embeddable":true,"href":"https:\/\/stoic-curie.212-227-153-4.plesk.page\/pt\/wp-json\/wp\/v2\/product_tag?post=3695795"}],"curies":[{"name":"wp","href":"https:\/\/api.w.org\/{rel}","templated":true}]}}