{"id":3695818,"date":"2025-10-13T14:06:48","date_gmt":"2025-10-13T18:06:48","guid":{"rendered":"https:\/\/stoic-curie.212-227-153-4.plesk.page\/product\/roldana-sprenger-micro-simples\/"},"modified":"2026-02-25T00:27:52","modified_gmt":"2026-02-25T00:27:52","slug":"roldana-sprenger-micro-simples","status":"publish","type":"product","link":"https:\/\/stoic-curie.212-227-153-4.plesk.page\/pt\/product\/roldana-sprenger-micro-simples\/","title":{"rendered":"Roldana Sprenger Micro Simples"},"content":{"rendered":"<p>Roldana Sprenger Micro Simples &#8211; <\/p>\n<p>Blocos HS com rolamentos de esferas para cabos de a\u00e7o e len\u00e7\u00f3is Dyneema de at\u00e9 4 mm.<br \/>Rolamentos: A\u00e7o inoxid\u00e1vel<br \/>Di\u00e2metro da polia 19 mm: A\u00e7o inoxid\u00e1vel<br \/>Laterais: A\u00e7o inoxid\u00e1vel<br \/>Carga de ruptura: 450 Kg.<\/p>\n","protected":false},"excerpt":{"rendered":"<p>Roldana Sprenger Micro Simples &#8211; Blocos HS com rolamentos de esferas para cabos de a\u00e7o e len\u00e7\u00f3is Dyneema de at\u00e9<\/p>\n","protected":false},"featured_media":5939843,"comment_status":"closed","ping_status":"closed","template":"","meta":[],"product_brand":[3432],"product_cat":[2056],"product_tag":[],"class_list":{"0":"post-3695818","1":"product","2":"type-product","3":"status-publish","4":"has-post-thumbnail","6":"product_brand-sprenger-hs-pt","7":"product_cat-moitoes-sprenger","9":"first","10":"instock","11":"shipping-taxable","12":"purchasable","13":"product-type-simple"},"_links":{"self":[{"href":"https:\/\/stoic-curie.212-227-153-4.plesk.page\/pt\/wp-json\/wp\/v2\/product\/3695818","targetHints":{"allow":["GET"]}}],"collection":[{"href":"https:\/\/stoic-curie.212-227-153-4.plesk.page\/pt\/wp-json\/wp\/v2\/product"}],"about":[{"href":"https:\/\/stoic-curie.212-227-153-4.plesk.page\/pt\/wp-json\/wp\/v2\/types\/product"}],"replies":[{"embeddable":true,"href":"https:\/\/stoic-curie.212-227-153-4.plesk.page\/pt\/wp-json\/wp\/v2\/comments?post=3695818"}],"version-history":[{"count":0,"href":"https:\/\/stoic-curie.212-227-153-4.plesk.page\/pt\/wp-json\/wp\/v2\/product\/3695818\/revisions"}],"wp:featuredmedia":[{"embeddable":true,"href":"https:\/\/stoic-curie.212-227-153-4.plesk.page\/pt\/wp-json\/wp\/v2\/media\/5939843"}],"wp:attachment":[{"href":"https:\/\/stoic-curie.212-227-153-4.plesk.page\/pt\/wp-json\/wp\/v2\/media?parent=3695818"}],"wp:term":[{"taxonomy":"product_brand","embeddable":true,"href":"https:\/\/stoic-curie.212-227-153-4.plesk.page\/pt\/wp-json\/wp\/v2\/product_brand?post=3695818"},{"taxonomy":"product_cat","embeddable":true,"href":"https:\/\/stoic-curie.212-227-153-4.plesk.page\/pt\/wp-json\/wp\/v2\/product_cat?post=3695818"},{"taxonomy":"product_tag","embeddable":true,"href":"https:\/\/stoic-curie.212-227-153-4.plesk.page\/pt\/wp-json\/wp\/v2\/product_tag?post=3695818"}],"curies":[{"name":"wp","href":"https:\/\/api.w.org\/{rel}","templated":true}]}}