{"id":3695830,"date":"2025-10-13T14:06:52","date_gmt":"2025-10-13T18:06:52","guid":{"rendered":"https:\/\/stoic-curie.212-227-153-4.plesk.page\/product\/roldana-simples-com-giratorio-e-cesto-sprenger-28mm-para-cabos-ate-8mm\/"},"modified":"2026-02-25T00:27:53","modified_gmt":"2026-02-25T00:27:53","slug":"roldana-simples-com-giratorio-e-cesto-sprenger-28mm-para-cabos-ate-8mm","status":"publish","type":"product","link":"https:\/\/stoic-curie.212-227-153-4.plesk.page\/pt\/product\/roldana-simples-com-giratorio-e-cesto-sprenger-28mm-para-cabos-ate-8mm\/","title":{"rendered":"Roldana Simples com Girat\u00f3rio e Cesto Sprenger 28mm para cabos at\u00e9 8mm"},"content":{"rendered":"<p>Roldana Simples com Girat\u00f3rio e Cesto Sprenger 28mm para cabos at\u00e9 8mm &#8211; <\/p>\n<p>Blocos HS com rolamentos de esferas para cordas de at\u00e9 8 mm. <br \/>Rolamentos: A\u00e7o inoxid\u00e1vel <br \/>Di\u00e2metro da polia 28 mm: Pl\u00e1stico Hi-Q resistente aos raios UV <br \/>Apenas: Pl\u00e1stico Hi-Q resistente aos raios UV e tiras de a\u00e7o inox <br \/>Carga de ruptura: 600 kg.<\/p>\n","protected":false},"excerpt":{"rendered":"<p>Roldana Simples com Girat\u00f3rio e Cesto Sprenger 28mm para cabos at\u00e9 8mm &#8211; Blocos HS com rolamentos de esferas para<\/p>\n","protected":false},"featured_media":5939947,"comment_status":"closed","ping_status":"closed","template":"","meta":[],"product_brand":[3432],"product_cat":[2056],"product_tag":[],"class_list":{"0":"post-3695830","1":"product","2":"type-product","3":"status-publish","4":"has-post-thumbnail","6":"product_brand-sprenger-hs-pt","7":"product_cat-moitoes-sprenger","9":"first","10":"instock","11":"shipping-taxable","12":"purchasable","13":"product-type-simple"},"_links":{"self":[{"href":"https:\/\/stoic-curie.212-227-153-4.plesk.page\/pt\/wp-json\/wp\/v2\/product\/3695830","targetHints":{"allow":["GET"]}}],"collection":[{"href":"https:\/\/stoic-curie.212-227-153-4.plesk.page\/pt\/wp-json\/wp\/v2\/product"}],"about":[{"href":"https:\/\/stoic-curie.212-227-153-4.plesk.page\/pt\/wp-json\/wp\/v2\/types\/product"}],"replies":[{"embeddable":true,"href":"https:\/\/stoic-curie.212-227-153-4.plesk.page\/pt\/wp-json\/wp\/v2\/comments?post=3695830"}],"version-history":[{"count":0,"href":"https:\/\/stoic-curie.212-227-153-4.plesk.page\/pt\/wp-json\/wp\/v2\/product\/3695830\/revisions"}],"wp:featuredmedia":[{"embeddable":true,"href":"https:\/\/stoic-curie.212-227-153-4.plesk.page\/pt\/wp-json\/wp\/v2\/media\/5939947"}],"wp:attachment":[{"href":"https:\/\/stoic-curie.212-227-153-4.plesk.page\/pt\/wp-json\/wp\/v2\/media?parent=3695830"}],"wp:term":[{"taxonomy":"product_brand","embeddable":true,"href":"https:\/\/stoic-curie.212-227-153-4.plesk.page\/pt\/wp-json\/wp\/v2\/product_brand?post=3695830"},{"taxonomy":"product_cat","embeddable":true,"href":"https:\/\/stoic-curie.212-227-153-4.plesk.page\/pt\/wp-json\/wp\/v2\/product_cat?post=3695830"},{"taxonomy":"product_tag","embeddable":true,"href":"https:\/\/stoic-curie.212-227-153-4.plesk.page\/pt\/wp-json\/wp\/v2\/product_tag?post=3695830"}],"curies":[{"name":"wp","href":"https:\/\/api.w.org\/{rel}","templated":true}]}}