{"id":3695833,"date":"2025-10-13T14:06:53","date_gmt":"2025-10-13T18:06:53","guid":{"rendered":"https:\/\/stoic-curie.212-227-153-4.plesk.page\/product\/roldana-fiddle-sprenger-36mm-para-cabos-ate-10mm-2\/"},"modified":"2026-02-25T00:27:53","modified_gmt":"2026-02-25T00:27:53","slug":"roldana-fiddle-sprenger-36mm-para-cabos-ate-10mm-2","status":"publish","type":"product","link":"https:\/\/stoic-curie.212-227-153-4.plesk.page\/pt\/product\/roldana-fiddle-sprenger-36mm-para-cabos-ate-10mm-2\/","title":{"rendered":"Roldana Fiddle Sprenger 36mm para cabos at\u00e9 10mm"},"content":{"rendered":"<p>Roldana Fiddle Sprenger 36mm para cabos at\u00e9 10mm &#8211; <\/p>\n<p>Blocos HS de rolamento deslizante para cordas de at\u00e9 10 mm. <br \/>Rolamento deslizante: pl\u00e1stico Hi-Q resistente a UV <br \/>Di\u00e2metro da polia 36 mm: pl\u00e1stico Hi-Q resistente a UV <br \/>Lados: pl\u00e1stico Hi-Q resistente a UV e cintas de a\u00e7o inoxid\u00e1vel <br \/>Carga de ruptura: 850 kg.<\/p>\n","protected":false},"excerpt":{"rendered":"<p>Roldana Fiddle Sprenger 36mm para cabos at\u00e9 10mm &#8211; Blocos HS de rolamento deslizante para cordas de at\u00e9 10 mm.<\/p>\n","protected":false},"featured_media":5936187,"comment_status":"closed","ping_status":"closed","template":"","meta":[],"product_brand":[3432],"product_cat":[2056],"product_tag":[],"class_list":{"0":"post-3695833","1":"product","2":"type-product","3":"status-publish","4":"has-post-thumbnail","6":"product_brand-sprenger-hs-pt","7":"product_cat-moitoes-sprenger","9":"first","10":"instock","11":"shipping-taxable","12":"purchasable","13":"product-type-simple"},"_links":{"self":[{"href":"https:\/\/stoic-curie.212-227-153-4.plesk.page\/pt\/wp-json\/wp\/v2\/product\/3695833","targetHints":{"allow":["GET"]}}],"collection":[{"href":"https:\/\/stoic-curie.212-227-153-4.plesk.page\/pt\/wp-json\/wp\/v2\/product"}],"about":[{"href":"https:\/\/stoic-curie.212-227-153-4.plesk.page\/pt\/wp-json\/wp\/v2\/types\/product"}],"replies":[{"embeddable":true,"href":"https:\/\/stoic-curie.212-227-153-4.plesk.page\/pt\/wp-json\/wp\/v2\/comments?post=3695833"}],"version-history":[{"count":0,"href":"https:\/\/stoic-curie.212-227-153-4.plesk.page\/pt\/wp-json\/wp\/v2\/product\/3695833\/revisions"}],"wp:featuredmedia":[{"embeddable":true,"href":"https:\/\/stoic-curie.212-227-153-4.plesk.page\/pt\/wp-json\/wp\/v2\/media\/5936187"}],"wp:attachment":[{"href":"https:\/\/stoic-curie.212-227-153-4.plesk.page\/pt\/wp-json\/wp\/v2\/media?parent=3695833"}],"wp:term":[{"taxonomy":"product_brand","embeddable":true,"href":"https:\/\/stoic-curie.212-227-153-4.plesk.page\/pt\/wp-json\/wp\/v2\/product_brand?post=3695833"},{"taxonomy":"product_cat","embeddable":true,"href":"https:\/\/stoic-curie.212-227-153-4.plesk.page\/pt\/wp-json\/wp\/v2\/product_cat?post=3695833"},{"taxonomy":"product_tag","embeddable":true,"href":"https:\/\/stoic-curie.212-227-153-4.plesk.page\/pt\/wp-json\/wp\/v2\/product_tag?post=3695833"}],"curies":[{"name":"wp","href":"https:\/\/api.w.org\/{rel}","templated":true}]}}