{"id":3695835,"date":"2025-10-13T14:06:53","date_gmt":"2025-10-13T18:06:53","guid":{"rendered":"https:\/\/stoic-curie.212-227-153-4.plesk.page\/product\/roldana-dupla-sprenger-36mm-para-cabos-ate-10mm\/"},"modified":"2026-02-25T00:27:53","modified_gmt":"2026-02-25T00:27:53","slug":"roldana-dupla-sprenger-36mm-para-cabos-ate-10mm","status":"publish","type":"product","link":"https:\/\/stoic-curie.212-227-153-4.plesk.page\/pt\/product\/roldana-dupla-sprenger-36mm-para-cabos-ate-10mm\/","title":{"rendered":"Roldana Dupla Sprenger 36mm para cabos at\u00e9 10mm"},"content":{"rendered":"<p>Roldana Dupla Sprenger 36mm para cabos at\u00e9 10mm &#8211; <\/p>\n<p>Blocos HS de rolamento deslizante para cordas at\u00e9 10 mm. Rolamento deslizante: pl\u00e1stico Hi-Q resistente aos UV. Di\u00e2metro do sheave 36 mm: pl\u00e1stico Hi-Q resistente aos UV. Laterais: pl\u00e1stico Hi-Q resistente aos UV e faixas de a\u00e7o inoxid\u00e1vel. Carga de ruptura: 850 kg.<\/p>\n","protected":false},"excerpt":{"rendered":"<p>Roldana Dupla Sprenger 36mm para cabos at\u00e9 10mm &#8211; Blocos HS de rolamento deslizante para cordas at\u00e9 10 mm. Rolamento<\/p>\n","protected":false},"featured_media":5939959,"comment_status":"closed","ping_status":"closed","template":"","meta":[],"product_brand":[3432],"product_cat":[2056],"product_tag":[],"class_list":{"0":"post-3695835","1":"product","2":"type-product","3":"status-publish","4":"has-post-thumbnail","6":"product_brand-sprenger-hs-pt","7":"product_cat-moitoes-sprenger","9":"first","10":"instock","11":"shipping-taxable","12":"purchasable","13":"product-type-simple"},"_links":{"self":[{"href":"https:\/\/stoic-curie.212-227-153-4.plesk.page\/pt\/wp-json\/wp\/v2\/product\/3695835","targetHints":{"allow":["GET"]}}],"collection":[{"href":"https:\/\/stoic-curie.212-227-153-4.plesk.page\/pt\/wp-json\/wp\/v2\/product"}],"about":[{"href":"https:\/\/stoic-curie.212-227-153-4.plesk.page\/pt\/wp-json\/wp\/v2\/types\/product"}],"replies":[{"embeddable":true,"href":"https:\/\/stoic-curie.212-227-153-4.plesk.page\/pt\/wp-json\/wp\/v2\/comments?post=3695835"}],"version-history":[{"count":0,"href":"https:\/\/stoic-curie.212-227-153-4.plesk.page\/pt\/wp-json\/wp\/v2\/product\/3695835\/revisions"}],"wp:featuredmedia":[{"embeddable":true,"href":"https:\/\/stoic-curie.212-227-153-4.plesk.page\/pt\/wp-json\/wp\/v2\/media\/5939959"}],"wp:attachment":[{"href":"https:\/\/stoic-curie.212-227-153-4.plesk.page\/pt\/wp-json\/wp\/v2\/media?parent=3695835"}],"wp:term":[{"taxonomy":"product_brand","embeddable":true,"href":"https:\/\/stoic-curie.212-227-153-4.plesk.page\/pt\/wp-json\/wp\/v2\/product_brand?post=3695835"},{"taxonomy":"product_cat","embeddable":true,"href":"https:\/\/stoic-curie.212-227-153-4.plesk.page\/pt\/wp-json\/wp\/v2\/product_cat?post=3695835"},{"taxonomy":"product_tag","embeddable":true,"href":"https:\/\/stoic-curie.212-227-153-4.plesk.page\/pt\/wp-json\/wp\/v2\/product_tag?post=3695835"}],"curies":[{"name":"wp","href":"https:\/\/api.w.org\/{rel}","templated":true}]}}