{"id":3695839,"date":"2025-10-13T14:06:54","date_gmt":"2025-10-13T18:06:54","guid":{"rendered":"https:\/\/stoic-curie.212-227-153-4.plesk.page\/product\/roldana-hs-sprenger-50mm-simples-com-cesto\/"},"modified":"2026-02-25T00:27:53","modified_gmt":"2026-02-25T00:27:53","slug":"roldana-hs-sprenger-50mm-simples-com-cesto","status":"publish","type":"product","link":"https:\/\/stoic-curie.212-227-153-4.plesk.page\/pt\/product\/roldana-hs-sprenger-50mm-simples-com-cesto\/","title":{"rendered":"Roldana HS Sprenger 50mm Simples com Cesto"},"content":{"rendered":"<p>Roldana HS Sprenger 50mm Simples com Cesto &#8211; <\/p>\n<p>Blocos de rolamento deslizante HS para cordas de at\u00e9 12 mm.<br \/>Rolamento deslizante: Pl\u00e1stico Hi-Q resistente aos UV<br \/>Di\u00e2metro da polia 50 mm: Pl\u00e1stico Hi-Q resistente aos UV<br \/>Lados: Pl\u00e1stico Hi-Q resistente aos UV e correias de a\u00e7o inoxid\u00e1vel<br \/>Carga de ruptura: 1000 kg.<\/p>\n","protected":false},"excerpt":{"rendered":"<p>Roldana HS Sprenger 50mm Simples com Cesto &#8211; Blocos de rolamento deslizante HS para cordas de at\u00e9 12 mm.Rolamento deslizante:<\/p>\n","protected":false},"featured_media":5939974,"comment_status":"closed","ping_status":"closed","template":"","meta":[],"product_brand":[3432],"product_cat":[2056],"product_tag":[],"class_list":{"0":"post-3695839","1":"product","2":"type-product","3":"status-publish","4":"has-post-thumbnail","6":"product_brand-sprenger-hs-pt","7":"product_cat-moitoes-sprenger","9":"first","10":"instock","11":"shipping-taxable","12":"purchasable","13":"product-type-simple"},"_links":{"self":[{"href":"https:\/\/stoic-curie.212-227-153-4.plesk.page\/pt\/wp-json\/wp\/v2\/product\/3695839","targetHints":{"allow":["GET"]}}],"collection":[{"href":"https:\/\/stoic-curie.212-227-153-4.plesk.page\/pt\/wp-json\/wp\/v2\/product"}],"about":[{"href":"https:\/\/stoic-curie.212-227-153-4.plesk.page\/pt\/wp-json\/wp\/v2\/types\/product"}],"replies":[{"embeddable":true,"href":"https:\/\/stoic-curie.212-227-153-4.plesk.page\/pt\/wp-json\/wp\/v2\/comments?post=3695839"}],"version-history":[{"count":0,"href":"https:\/\/stoic-curie.212-227-153-4.plesk.page\/pt\/wp-json\/wp\/v2\/product\/3695839\/revisions"}],"wp:featuredmedia":[{"embeddable":true,"href":"https:\/\/stoic-curie.212-227-153-4.plesk.page\/pt\/wp-json\/wp\/v2\/media\/5939974"}],"wp:attachment":[{"href":"https:\/\/stoic-curie.212-227-153-4.plesk.page\/pt\/wp-json\/wp\/v2\/media?parent=3695839"}],"wp:term":[{"taxonomy":"product_brand","embeddable":true,"href":"https:\/\/stoic-curie.212-227-153-4.plesk.page\/pt\/wp-json\/wp\/v2\/product_brand?post=3695839"},{"taxonomy":"product_cat","embeddable":true,"href":"https:\/\/stoic-curie.212-227-153-4.plesk.page\/pt\/wp-json\/wp\/v2\/product_cat?post=3695839"},{"taxonomy":"product_tag","embeddable":true,"href":"https:\/\/stoic-curie.212-227-153-4.plesk.page\/pt\/wp-json\/wp\/v2\/product_tag?post=3695839"}],"curies":[{"name":"wp","href":"https:\/\/api.w.org\/{rel}","templated":true}]}}