{"id":3695858,"date":"2025-10-13T14:07:00","date_gmt":"2025-10-13T18:07:00","guid":{"rendered":"https:\/\/stoic-curie.212-227-153-4.plesk.page\/product\/terminal-de-pvc-para-t-track-antal-26mm\/"},"modified":"2026-02-25T00:27:53","modified_gmt":"2026-02-25T00:27:53","slug":"terminal-de-pvc-para-t-track-antal-26mm","status":"publish","type":"product","link":"https:\/\/stoic-curie.212-227-153-4.plesk.page\/pt\/product\/terminal-de-pvc-para-t-track-antal-26mm\/","title":{"rendered":"Terminal de PVC para T-Track Antal 26mm"},"content":{"rendered":"<p>Terminal de PVC para T-Track Antal 26mm &#8211; <\/p>\n<p>Carro de alum\u00ednio preto polido com pino de parada em a\u00e7o inoxid\u00e1vel 316 e inserts deslizantes de nylon. Base de roldana girat\u00f3ria (\u00c2\u00b150\u00c2\u00b0) em a\u00e7o inoxid\u00e1vel 316.<\/p>\n","protected":false},"excerpt":{"rendered":"<p>Terminal de PVC para T-Track Antal 26mm &#8211; Carro de alum\u00ednio preto polido com pino de parada em a\u00e7o inoxid\u00e1vel<\/p>\n","protected":false},"featured_media":5940013,"comment_status":"closed","ping_status":"closed","template":"","meta":[],"product_brand":[2787],"product_cat":[2046],"product_tag":[],"class_list":{"0":"post-3695858","1":"product","2":"type-product","3":"status-publish","4":"has-post-thumbnail","6":"product_brand-antal-pt","7":"product_cat-sistema-de-carrinho-para-genoa","9":"first","10":"instock","11":"shipping-taxable","12":"purchasable","13":"product-type-simple"},"_links":{"self":[{"href":"https:\/\/stoic-curie.212-227-153-4.plesk.page\/pt\/wp-json\/wp\/v2\/product\/3695858","targetHints":{"allow":["GET"]}}],"collection":[{"href":"https:\/\/stoic-curie.212-227-153-4.plesk.page\/pt\/wp-json\/wp\/v2\/product"}],"about":[{"href":"https:\/\/stoic-curie.212-227-153-4.plesk.page\/pt\/wp-json\/wp\/v2\/types\/product"}],"replies":[{"embeddable":true,"href":"https:\/\/stoic-curie.212-227-153-4.plesk.page\/pt\/wp-json\/wp\/v2\/comments?post=3695858"}],"version-history":[{"count":0,"href":"https:\/\/stoic-curie.212-227-153-4.plesk.page\/pt\/wp-json\/wp\/v2\/product\/3695858\/revisions"}],"wp:featuredmedia":[{"embeddable":true,"href":"https:\/\/stoic-curie.212-227-153-4.plesk.page\/pt\/wp-json\/wp\/v2\/media\/5940013"}],"wp:attachment":[{"href":"https:\/\/stoic-curie.212-227-153-4.plesk.page\/pt\/wp-json\/wp\/v2\/media?parent=3695858"}],"wp:term":[{"taxonomy":"product_brand","embeddable":true,"href":"https:\/\/stoic-curie.212-227-153-4.plesk.page\/pt\/wp-json\/wp\/v2\/product_brand?post=3695858"},{"taxonomy":"product_cat","embeddable":true,"href":"https:\/\/stoic-curie.212-227-153-4.plesk.page\/pt\/wp-json\/wp\/v2\/product_cat?post=3695858"},{"taxonomy":"product_tag","embeddable":true,"href":"https:\/\/stoic-curie.212-227-153-4.plesk.page\/pt\/wp-json\/wp\/v2\/product_tag?post=3695858"}],"curies":[{"name":"wp","href":"https:\/\/api.w.org\/{rel}","templated":true}]}}