{"id":3695859,"date":"2025-10-13T14:07:01","date_gmt":"2025-10-13T18:07:01","guid":{"rendered":"https:\/\/stoic-curie.212-227-153-4.plesk.page\/product\/hs-polia-de-bochecha-com-rolete-de-esferas-8mm\/"},"modified":"2026-02-25T00:27:53","modified_gmt":"2026-02-25T00:27:53","slug":"hs-polia-de-bochecha-com-rolete-de-esferas-8mm","status":"publish","type":"product","link":"https:\/\/stoic-curie.212-227-153-4.plesk.page\/pt\/product\/hs-polia-de-bochecha-com-rolete-de-esferas-8mm\/","title":{"rendered":"HS Polia de Bochecha com Rolete de Esferas 8mm"},"content":{"rendered":"<p>HS Polia de Bochecha com Rolete de Esferas 8mm &#8211; <\/p>\n<p>Bloco lateral de rolamento deslizante HS. Dist\u00e2ncia eixo-base da polia: 25 mm. Estrutura em a\u00e7o inoxid\u00e1vel. Corda<\/p>\n","protected":false},"excerpt":{"rendered":"<p>HS Polia de Bochecha com Rolete de Esferas 8mm &#8211; Bloco lateral de rolamento deslizante HS. Dist\u00e2ncia eixo-base da polia:<\/p>\n","protected":false},"featured_media":5940016,"comment_status":"closed","ping_status":"closed","template":"","meta":[],"product_brand":[3432],"product_cat":[2056,2047],"product_tag":[],"class_list":{"0":"post-3695859","1":"product","2":"type-product","3":"status-publish","4":"has-post-thumbnail","6":"product_brand-sprenger-hs-pt","7":"product_cat-moitoes-sprenger","8":"product_cat-organizadores-de-cabos","10":"first","11":"instock","12":"shipping-taxable","13":"purchasable","14":"product-type-simple"},"_links":{"self":[{"href":"https:\/\/stoic-curie.212-227-153-4.plesk.page\/pt\/wp-json\/wp\/v2\/product\/3695859","targetHints":{"allow":["GET"]}}],"collection":[{"href":"https:\/\/stoic-curie.212-227-153-4.plesk.page\/pt\/wp-json\/wp\/v2\/product"}],"about":[{"href":"https:\/\/stoic-curie.212-227-153-4.plesk.page\/pt\/wp-json\/wp\/v2\/types\/product"}],"replies":[{"embeddable":true,"href":"https:\/\/stoic-curie.212-227-153-4.plesk.page\/pt\/wp-json\/wp\/v2\/comments?post=3695859"}],"version-history":[{"count":0,"href":"https:\/\/stoic-curie.212-227-153-4.plesk.page\/pt\/wp-json\/wp\/v2\/product\/3695859\/revisions"}],"wp:featuredmedia":[{"embeddable":true,"href":"https:\/\/stoic-curie.212-227-153-4.plesk.page\/pt\/wp-json\/wp\/v2\/media\/5940016"}],"wp:attachment":[{"href":"https:\/\/stoic-curie.212-227-153-4.plesk.page\/pt\/wp-json\/wp\/v2\/media?parent=3695859"}],"wp:term":[{"taxonomy":"product_brand","embeddable":true,"href":"https:\/\/stoic-curie.212-227-153-4.plesk.page\/pt\/wp-json\/wp\/v2\/product_brand?post=3695859"},{"taxonomy":"product_cat","embeddable":true,"href":"https:\/\/stoic-curie.212-227-153-4.plesk.page\/pt\/wp-json\/wp\/v2\/product_cat?post=3695859"},{"taxonomy":"product_tag","embeddable":true,"href":"https:\/\/stoic-curie.212-227-153-4.plesk.page\/pt\/wp-json\/wp\/v2\/product_tag?post=3695859"}],"curies":[{"name":"wp","href":"https:\/\/api.w.org\/{rel}","templated":true}]}}