{"id":3695861,"date":"2025-10-13T14:07:01","date_gmt":"2025-10-13T18:07:01","guid":{"rendered":"https:\/\/stoic-curie.212-227-153-4.plesk.page\/product\/organizadores-de-conves-hs-para-veleiro-1-roldana-12mm\/"},"modified":"2026-02-25T00:27:53","modified_gmt":"2026-02-25T00:27:53","slug":"organizadores-de-conves-hs-para-veleiro-1-roldana-12mm","status":"publish","type":"product","link":"https:\/\/stoic-curie.212-227-153-4.plesk.page\/pt\/product\/organizadores-de-conves-hs-para-veleiro-1-roldana-12mm\/","title":{"rendered":"Organizadores de Conv\u00e9s HS para Veleiro &#8211; 1 Roldana &#8211; 12mm"},"content":{"rendered":"<p>Organizadores de Conv\u00e9s HS para Veleiro &#8211; 1 Roldana &#8211; 12mm &#8211; <\/p>\n<p>Organizadores de m\u00faltiplos conveses HS com 1 &#8211; 2 &#8211; 3 polias.<br \/>&#8211; Rolamento deslizante altamente carreg\u00e1vel<br \/>&#8211; Polias de pl\u00e1stico de alta qualidade e resistentes aos raios UV<br \/>&#8211; Laterais de alum\u00ednio anodizado preto, resistentes \u00e0 corros\u00e3o e \u00e0 \u00e1gua do mar<\/p>\n","protected":false},"excerpt":{"rendered":"<p>Organizadores de Conv\u00e9s HS para Veleiro &#8211; 1 Roldana &#8211; 12mm &#8211; Organizadores de m\u00faltiplos conveses HS com 1 &#8211;<\/p>\n","protected":false},"featured_media":5940019,"comment_status":"closed","ping_status":"closed","template":"","meta":[],"product_brand":[3432],"product_cat":[2056,2047],"product_tag":[],"class_list":{"0":"post-3695861","1":"product","2":"type-product","3":"status-publish","4":"has-post-thumbnail","6":"product_brand-sprenger-hs-pt","7":"product_cat-moitoes-sprenger","8":"product_cat-organizadores-de-cabos","10":"first","11":"instock","12":"shipping-taxable","13":"purchasable","14":"product-type-simple"},"_links":{"self":[{"href":"https:\/\/stoic-curie.212-227-153-4.plesk.page\/pt\/wp-json\/wp\/v2\/product\/3695861","targetHints":{"allow":["GET"]}}],"collection":[{"href":"https:\/\/stoic-curie.212-227-153-4.plesk.page\/pt\/wp-json\/wp\/v2\/product"}],"about":[{"href":"https:\/\/stoic-curie.212-227-153-4.plesk.page\/pt\/wp-json\/wp\/v2\/types\/product"}],"replies":[{"embeddable":true,"href":"https:\/\/stoic-curie.212-227-153-4.plesk.page\/pt\/wp-json\/wp\/v2\/comments?post=3695861"}],"version-history":[{"count":0,"href":"https:\/\/stoic-curie.212-227-153-4.plesk.page\/pt\/wp-json\/wp\/v2\/product\/3695861\/revisions"}],"wp:featuredmedia":[{"embeddable":true,"href":"https:\/\/stoic-curie.212-227-153-4.plesk.page\/pt\/wp-json\/wp\/v2\/media\/5940019"}],"wp:attachment":[{"href":"https:\/\/stoic-curie.212-227-153-4.plesk.page\/pt\/wp-json\/wp\/v2\/media?parent=3695861"}],"wp:term":[{"taxonomy":"product_brand","embeddable":true,"href":"https:\/\/stoic-curie.212-227-153-4.plesk.page\/pt\/wp-json\/wp\/v2\/product_brand?post=3695861"},{"taxonomy":"product_cat","embeddable":true,"href":"https:\/\/stoic-curie.212-227-153-4.plesk.page\/pt\/wp-json\/wp\/v2\/product_cat?post=3695861"},{"taxonomy":"product_tag","embeddable":true,"href":"https:\/\/stoic-curie.212-227-153-4.plesk.page\/pt\/wp-json\/wp\/v2\/product_tag?post=3695861"}],"curies":[{"name":"wp","href":"https:\/\/api.w.org\/{rel}","templated":true}]}}