{"id":3695863,"date":"2025-10-13T14:07:02","date_gmt":"2025-10-13T18:07:02","guid":{"rendered":"https:\/\/stoic-curie.212-227-153-4.plesk.page\/product\/argola-dobravel-em-aco-inoxidavel-wichard-40-x-40-x-6mm\/"},"modified":"2026-02-25T00:27:53","modified_gmt":"2026-02-25T00:27:53","slug":"argola-dobravel-em-aco-inoxidavel-wichard-40-x-40-x-6mm","status":"publish","type":"product","link":"https:\/\/stoic-curie.212-227-153-4.plesk.page\/pt\/product\/argola-dobravel-em-aco-inoxidavel-wichard-40-x-40-x-6mm\/","title":{"rendered":"Argola Dobr\u00e1vel em A\u00e7o Inoxid\u00e1vel Wichard 40 x 40 x 6mm"},"content":{"rendered":"<p>Argola Dobr\u00e1vel em A\u00e7o Inoxid\u00e1vel Wichard 40 x 40 x 6mm &#8211; <\/p>\n<p>Olhos de pad dobr\u00e1veis Wichard.<\/p>\n","protected":false},"excerpt":{"rendered":"<p>Argola Dobr\u00e1vel em A\u00e7o Inoxid\u00e1vel Wichard 40 x 40 x 6mm &#8211; Olhos de pad dobr\u00e1veis Wichard.<\/p>\n","protected":false},"featured_media":5940026,"comment_status":"closed","ping_status":"closed","template":"","meta":[],"product_brand":[3537],"product_cat":[1969,2052],"product_tag":[],"class_list":{"0":"post-3695863","1":"product","2":"type-product","3":"status-publish","4":"has-post-thumbnail","6":"product_brand-wichard-pt","7":"product_cat-acessorios-de-conves","8":"product_cat-ferragens","10":"first","11":"instock","12":"shipping-taxable","13":"purchasable","14":"product-type-simple"},"_links":{"self":[{"href":"https:\/\/stoic-curie.212-227-153-4.plesk.page\/pt\/wp-json\/wp\/v2\/product\/3695863","targetHints":{"allow":["GET"]}}],"collection":[{"href":"https:\/\/stoic-curie.212-227-153-4.plesk.page\/pt\/wp-json\/wp\/v2\/product"}],"about":[{"href":"https:\/\/stoic-curie.212-227-153-4.plesk.page\/pt\/wp-json\/wp\/v2\/types\/product"}],"replies":[{"embeddable":true,"href":"https:\/\/stoic-curie.212-227-153-4.plesk.page\/pt\/wp-json\/wp\/v2\/comments?post=3695863"}],"version-history":[{"count":0,"href":"https:\/\/stoic-curie.212-227-153-4.plesk.page\/pt\/wp-json\/wp\/v2\/product\/3695863\/revisions"}],"wp:featuredmedia":[{"embeddable":true,"href":"https:\/\/stoic-curie.212-227-153-4.plesk.page\/pt\/wp-json\/wp\/v2\/media\/5940026"}],"wp:attachment":[{"href":"https:\/\/stoic-curie.212-227-153-4.plesk.page\/pt\/wp-json\/wp\/v2\/media?parent=3695863"}],"wp:term":[{"taxonomy":"product_brand","embeddable":true,"href":"https:\/\/stoic-curie.212-227-153-4.plesk.page\/pt\/wp-json\/wp\/v2\/product_brand?post=3695863"},{"taxonomy":"product_cat","embeddable":true,"href":"https:\/\/stoic-curie.212-227-153-4.plesk.page\/pt\/wp-json\/wp\/v2\/product_cat?post=3695863"},{"taxonomy":"product_tag","embeddable":true,"href":"https:\/\/stoic-curie.212-227-153-4.plesk.page\/pt\/wp-json\/wp\/v2\/product_tag?post=3695863"}],"curies":[{"name":"wp","href":"https:\/\/api.w.org\/{rel}","templated":true}]}}