{"id":3695872,"date":"2025-10-13T14:07:05","date_gmt":"2025-10-13T18:07:05","guid":{"rendered":"https:\/\/stoic-curie.212-227-153-4.plesk.page\/product\/protecao-angular-para-cais-branca-2525x6cm\/"},"modified":"2026-02-25T00:27:53","modified_gmt":"2026-02-25T00:27:53","slug":"protecao-angular-para-cais-branca-2525x6cm","status":"publish","type":"product","link":"https:\/\/stoic-curie.212-227-153-4.plesk.page\/pt\/product\/protecao-angular-para-cais-branca-2525x6cm\/","title":{"rendered":"Prote\u00e7\u00e3o Angular para Cais Branca &#8211; 25+25x6cm"},"content":{"rendered":"<p>Prote\u00e7\u00e3o Angular para Cais Branca &#8211; 25+25x6cm &#8211; <\/p>\n<p>Protetor angular de 25 + 25 cm para proteger as bordas de barcos e pont\u00f5es.<\/p>\n","protected":false},"excerpt":{"rendered":"<p>Prote\u00e7\u00e3o Angular para Cais Branca &#8211; 25+25x6cm &#8211; Protetor angular de 25 + 25 cm para proteger as bordas de<\/p>\n","protected":false},"featured_media":5940043,"comment_status":"closed","ping_status":"closed","template":"","meta":[],"product_brand":[3092],"product_cat":[2136],"product_tag":[],"class_list":{"0":"post-3695872","1":"product","2":"type-product","3":"status-publish","4":"has-post-thumbnail","6":"product_brand-majoni-pt","7":"product_cat-defensas-de-doca","9":"first","10":"instock","11":"shipping-taxable","12":"purchasable","13":"product-type-simple"},"_links":{"self":[{"href":"https:\/\/stoic-curie.212-227-153-4.plesk.page\/pt\/wp-json\/wp\/v2\/product\/3695872","targetHints":{"allow":["GET"]}}],"collection":[{"href":"https:\/\/stoic-curie.212-227-153-4.plesk.page\/pt\/wp-json\/wp\/v2\/product"}],"about":[{"href":"https:\/\/stoic-curie.212-227-153-4.plesk.page\/pt\/wp-json\/wp\/v2\/types\/product"}],"replies":[{"embeddable":true,"href":"https:\/\/stoic-curie.212-227-153-4.plesk.page\/pt\/wp-json\/wp\/v2\/comments?post=3695872"}],"version-history":[{"count":0,"href":"https:\/\/stoic-curie.212-227-153-4.plesk.page\/pt\/wp-json\/wp\/v2\/product\/3695872\/revisions"}],"wp:featuredmedia":[{"embeddable":true,"href":"https:\/\/stoic-curie.212-227-153-4.plesk.page\/pt\/wp-json\/wp\/v2\/media\/5940043"}],"wp:attachment":[{"href":"https:\/\/stoic-curie.212-227-153-4.plesk.page\/pt\/wp-json\/wp\/v2\/media?parent=3695872"}],"wp:term":[{"taxonomy":"product_brand","embeddable":true,"href":"https:\/\/stoic-curie.212-227-153-4.plesk.page\/pt\/wp-json\/wp\/v2\/product_brand?post=3695872"},{"taxonomy":"product_cat","embeddable":true,"href":"https:\/\/stoic-curie.212-227-153-4.plesk.page\/pt\/wp-json\/wp\/v2\/product_cat?post=3695872"},{"taxonomy":"product_tag","embeddable":true,"href":"https:\/\/stoic-curie.212-227-153-4.plesk.page\/pt\/wp-json\/wp\/v2\/product_tag?post=3695872"}],"curies":[{"name":"wp","href":"https:\/\/api.w.org\/{rel}","templated":true}]}}