{"id":3695878,"date":"2025-10-13T14:07:07","date_gmt":"2025-10-13T18:07:07","guid":{"rendered":"https:\/\/stoic-curie.212-227-153-4.plesk.page\/product\/roda-flutuante-para-protecao-de-cais-300x150mm\/"},"modified":"2026-02-25T00:27:53","modified_gmt":"2026-02-25T00:27:53","slug":"roda-flutuante-para-protecao-de-cais-300x150mm","status":"publish","type":"product","link":"https:\/\/stoic-curie.212-227-153-4.plesk.page\/pt\/product\/roda-flutuante-para-protecao-de-cais-300x150mm\/","title":{"rendered":"Roda Flutuante para Prote\u00e7\u00e3o de Cais 300x150mm"},"content":{"rendered":"<p>Roda Flutuante para Prote\u00e7\u00e3o de Cais 300x150mm &#8211; <\/p>\n<p>Prote\u00e7\u00e3o de roda de doca em PVC para docas. Suporte n\u00e3o inclu\u00eddo. Permite uma passagem suave de barcos durante o atracamento.<\/p>\n","protected":false},"excerpt":{"rendered":"<p>Roda Flutuante para Prote\u00e7\u00e3o de Cais 300x150mm &#8211; Prote\u00e7\u00e3o de roda de doca em PVC para docas. Suporte n\u00e3o inclu\u00eddo.<\/p>\n","protected":false},"featured_media":5940054,"comment_status":"closed","ping_status":"closed","template":"","meta":[],"product_brand":[3092],"product_cat":[2136],"product_tag":[],"class_list":{"0":"post-3695878","1":"product","2":"type-product","3":"status-publish","4":"has-post-thumbnail","6":"product_brand-majoni-pt","7":"product_cat-defensas-de-doca","9":"first","10":"instock","11":"shipping-taxable","12":"purchasable","13":"product-type-simple"},"_links":{"self":[{"href":"https:\/\/stoic-curie.212-227-153-4.plesk.page\/pt\/wp-json\/wp\/v2\/product\/3695878","targetHints":{"allow":["GET"]}}],"collection":[{"href":"https:\/\/stoic-curie.212-227-153-4.plesk.page\/pt\/wp-json\/wp\/v2\/product"}],"about":[{"href":"https:\/\/stoic-curie.212-227-153-4.plesk.page\/pt\/wp-json\/wp\/v2\/types\/product"}],"replies":[{"embeddable":true,"href":"https:\/\/stoic-curie.212-227-153-4.plesk.page\/pt\/wp-json\/wp\/v2\/comments?post=3695878"}],"version-history":[{"count":0,"href":"https:\/\/stoic-curie.212-227-153-4.plesk.page\/pt\/wp-json\/wp\/v2\/product\/3695878\/revisions"}],"wp:featuredmedia":[{"embeddable":true,"href":"https:\/\/stoic-curie.212-227-153-4.plesk.page\/pt\/wp-json\/wp\/v2\/media\/5940054"}],"wp:attachment":[{"href":"https:\/\/stoic-curie.212-227-153-4.plesk.page\/pt\/wp-json\/wp\/v2\/media?parent=3695878"}],"wp:term":[{"taxonomy":"product_brand","embeddable":true,"href":"https:\/\/stoic-curie.212-227-153-4.plesk.page\/pt\/wp-json\/wp\/v2\/product_brand?post=3695878"},{"taxonomy":"product_cat","embeddable":true,"href":"https:\/\/stoic-curie.212-227-153-4.plesk.page\/pt\/wp-json\/wp\/v2\/product_cat?post=3695878"},{"taxonomy":"product_tag","embeddable":true,"href":"https:\/\/stoic-curie.212-227-153-4.plesk.page\/pt\/wp-json\/wp\/v2\/product_tag?post=3695878"}],"curies":[{"name":"wp","href":"https:\/\/api.w.org\/{rel}","templated":true}]}}