{"id":3695879,"date":"2025-10-13T14:07:07","date_gmt":"2025-10-13T18:07:07","guid":{"rendered":"https:\/\/stoic-curie.212-227-153-4.plesk.page\/product\/polyform-f1\/"},"modified":"2026-02-25T00:27:53","modified_gmt":"2026-02-25T00:27:53","slug":"polyform-f1","status":"publish","type":"product","link":"https:\/\/stoic-curie.212-227-153-4.plesk.page\/pt\/product\/polyform-f1\/","title":{"rendered":"Polyform F1"},"content":{"rendered":"<p>Polyform F1 &#8211; <\/p>\n<p>Polyform F1 (610x145mm), o POLYFORM\u00ae F1 \u00e9 um fender de alta qualidade e robustez, elaborado a partir de uma mistura \u00fanica de materiais de alta qualidade. Este fender apresenta cord\u00f5es de refor\u00e7o em formato de nervura e \u00e9 rotomoldado a partir de vinil dur\u00e1vel e flex\u00edvel, tornando-o resistente a todas as condi\u00e7\u00f5es clim\u00e1ticas.<\/p>\n<p>Os fenders da s\u00e9rie F s\u00e3o utilizados em todo o mundo para diversas aplica\u00e7\u00f5es, incluindo barcos de recreio, iates, embarca\u00e7\u00f5es de trabalho e barcos-piloto. Os maiores fenders da s\u00e9rie F s\u00e3o at\u00e9 empregados por marinhas nacionais para embarca\u00e7\u00f5es com peso de at\u00e9 1.500 toneladas.<\/p>\n<p><strong>Especifica\u00e7\u00f5es do Produto:<\/strong><\/p>\n<ul>\n<li><strong>N\u00famero do Artigo:<\/strong> F1<\/li>\n<li><strong>Di\u00e2metro M\u00e1ximo:<\/strong> 150 mm<\/li>\n<li><strong>Altura:<\/strong> 610 mm<\/li>\n<li><strong>Peso Nominal:<\/strong> 1.0 kg<\/li>\n<li><strong>Di\u00e2metro do Olho para Cord\u00e3o:<\/strong> 22 mm<\/li>\n<li><strong>Tipo de V\u00e1lvula:<\/strong> V10<\/li>\n<li><strong>Volume Bruto:<\/strong> 8 L<\/li>\n<\/ul>\n<p><strong>Informa\u00e7\u00f5es T\u00e9cnicas:<\/strong><\/p>\n<ul>\n<li><strong>Carga de Ruptura para Cord\u00e3o:<\/strong> 800 kp<\/li>\n<li><strong>Dureza do Material do Corpo (Shore A):<\/strong> 66<\/li>\n<li><strong>Resist\u00eancia \u00e0 Tra\u00e7\u00e3o:<\/strong> 13.9 MPa<\/li>\n<li><strong>Elonga\u00e7\u00e3o na Ruptura:<\/strong> 587%<\/li>\n<li><strong>Temperatura de Flex\u00e3o a Frio:<\/strong> -33\u00b0C<\/li>\n<li><strong>Temperatura M\u00e1xima Recomendada:<\/strong> 40\u00b0C<\/li>\n<li><strong>Temperatura M\u00e1xima N\u00e3o Deve Exceder:<\/strong> 50\u00b0C<\/li>\n<li><strong>Gravidade Espec\u00edfica:<\/strong> 1.17<\/li>\n<\/ul>\n<p>Tanto o corpo quanto o cord\u00e3o s\u00e3o feitos de PVC, garantindo a n\u00e3o utiliza\u00e7\u00e3o de CFCs e sendo livres de c\u00e1dmio. Fabricado pela Polymatic\u00ae<\/p>\n","protected":false},"excerpt":{"rendered":"<p>Polyform F1 &#8211; Polyform F1 (610x145mm), o POLYFORM\u00ae F1 \u00e9 um fender de alta qualidade e robustez, elaborado a partir<\/p>\n","protected":false},"featured_media":5940078,"comment_status":"closed","ping_status":"closed","template":"","meta":[],"product_brand":[3272],"product_cat":[2135],"product_tag":[],"class_list":{"0":"post-3695879","1":"product","2":"type-product","3":"status-publish","4":"has-post-thumbnail","6":"product_brand-polyform-pt","7":"product_cat-defensas-boias-e-defensas","9":"first","10":"instock","11":"shipping-taxable","12":"purchasable","13":"product-type-simple"},"_links":{"self":[{"href":"https:\/\/stoic-curie.212-227-153-4.plesk.page\/pt\/wp-json\/wp\/v2\/product\/3695879","targetHints":{"allow":["GET"]}}],"collection":[{"href":"https:\/\/stoic-curie.212-227-153-4.plesk.page\/pt\/wp-json\/wp\/v2\/product"}],"about":[{"href":"https:\/\/stoic-curie.212-227-153-4.plesk.page\/pt\/wp-json\/wp\/v2\/types\/product"}],"replies":[{"embeddable":true,"href":"https:\/\/stoic-curie.212-227-153-4.plesk.page\/pt\/wp-json\/wp\/v2\/comments?post=3695879"}],"version-history":[{"count":0,"href":"https:\/\/stoic-curie.212-227-153-4.plesk.page\/pt\/wp-json\/wp\/v2\/product\/3695879\/revisions"}],"wp:featuredmedia":[{"embeddable":true,"href":"https:\/\/stoic-curie.212-227-153-4.plesk.page\/pt\/wp-json\/wp\/v2\/media\/5940078"}],"wp:attachment":[{"href":"https:\/\/stoic-curie.212-227-153-4.plesk.page\/pt\/wp-json\/wp\/v2\/media?parent=3695879"}],"wp:term":[{"taxonomy":"product_brand","embeddable":true,"href":"https:\/\/stoic-curie.212-227-153-4.plesk.page\/pt\/wp-json\/wp\/v2\/product_brand?post=3695879"},{"taxonomy":"product_cat","embeddable":true,"href":"https:\/\/stoic-curie.212-227-153-4.plesk.page\/pt\/wp-json\/wp\/v2\/product_cat?post=3695879"},{"taxonomy":"product_tag","embeddable":true,"href":"https:\/\/stoic-curie.212-227-153-4.plesk.page\/pt\/wp-json\/wp\/v2\/product_tag?post=3695879"}],"curies":[{"name":"wp","href":"https:\/\/api.w.org\/{rel}","templated":true}]}}