{"id":3695880,"date":"2025-10-13T14:07:07","date_gmt":"2025-10-13T18:07:07","guid":{"rendered":"https:\/\/stoic-curie.212-227-153-4.plesk.page\/product\/polyform-f2\/"},"modified":"2026-02-25T00:27:53","modified_gmt":"2026-02-25T00:27:53","slug":"polyform-f2","status":"publish","type":"product","link":"https:\/\/stoic-curie.212-227-153-4.plesk.page\/pt\/product\/polyform-f2\/","title":{"rendered":"Polyform F2"},"content":{"rendered":"<p>Polyform F2 &#8211; <\/p>\n<p>Polyform F2 (610x220mm) O POLYFORM\u00ae F2 \u00e9 um fender de alta qualidade, sem costura e resistente, apresentando um robusto ponto de corda moldado por inje\u00e7\u00e3o. O fender e seu ponto de corda refor\u00e7ado por nervuras est\u00e3o integrados usando nossa tecnologia patenteada POLYMATIQ. Fabricados a partir de uma mistura \u00fanica de vinil flex\u00edvel de alta qualidade, os fenders da s\u00e9rie F s\u00e3o projetados para suportar todas as condi\u00e7\u00f5es clim\u00e1ticas. Esses fenders s\u00e3o utilizados em todo o mundo para diversas aplica\u00e7\u00f5es, incluindo barcos de recreio, iates, barcos de trabalho e barcos-piloto. Os maiores fenders da s\u00e9rie F s\u00e3o at\u00e9 usados por marinhas nacionais para embarca\u00e7\u00f5es com peso de at\u00e9 1.500 toneladas.<\/p>\n<p><strong>Especifica\u00e7\u00f5es do Produto:<\/strong><\/p>\n<ul>\n<li>N\u00famero do Artigo: F2<\/li>\n<li>Di\u00e2metro M\u00e1ximo: 220 mm<\/li>\n<li>Altura M\u00e1xima: 610 mm<\/li>\n<li>Peso Nominal: 1,75 kg<\/li>\n<li>Di\u00e2metro do Olho para Ponto de Corda: 28 mm<\/li>\n<li>Tipo de V\u00e1lvula: V10<\/li>\n<li>Volume Bruto: 16 L<\/li>\n<\/ul>\n<p><strong>Informa\u00e7\u00f5es T\u00e9cnicas:<\/strong><\/p>\n<ul>\n<li>Carga de Ruptura para Ponto de Corda: 1400 kp<\/li>\n<li>Dureza do Material do Corpo: Shore A 66<\/li>\n<li>Resist\u00eancia \u00e0 Tra\u00e7\u00e3o: 13,9 MPa<\/li>\n<li>Alongamento na Ruptura: 587%<\/li>\n<li>Temperatura de Flex\u00e3o a Frio: -33\u00b0C<\/li>\n<li>Temperatura M\u00e1xima Recomendada: 40\u00b0C<\/li>\n<li>Temperatura M\u00e1xima: 50\u00b0C<\/li>\n<li>Gravidade Espec\u00edfica: 1,17<\/li>\n<\/ul>\n<p>Tanto o corpo quanto o ponto de corda s\u00e3o feitos de PVC, garantindo a n\u00e3o utiliza\u00e7\u00e3o de CFCs e s\u00e3o isentos de c\u00e1dmio. Fabricado pela Polymatic\u00ae<\/p>\n","protected":false},"excerpt":{"rendered":"<p>Polyform F2 &#8211; Polyform F2 (610x220mm) O POLYFORM\u00ae F2 \u00e9 um fender de alta qualidade, sem costura e resistente, apresentando<\/p>\n","protected":false},"featured_media":5940078,"comment_status":"closed","ping_status":"closed","template":"","meta":[],"product_brand":[3272],"product_cat":[2135],"product_tag":[],"class_list":{"0":"post-3695880","1":"product","2":"type-product","3":"status-publish","4":"has-post-thumbnail","6":"product_brand-polyform-pt","7":"product_cat-defensas-boias-e-defensas","9":"first","10":"instock","11":"shipping-taxable","12":"purchasable","13":"product-type-simple"},"_links":{"self":[{"href":"https:\/\/stoic-curie.212-227-153-4.plesk.page\/pt\/wp-json\/wp\/v2\/product\/3695880","targetHints":{"allow":["GET"]}}],"collection":[{"href":"https:\/\/stoic-curie.212-227-153-4.plesk.page\/pt\/wp-json\/wp\/v2\/product"}],"about":[{"href":"https:\/\/stoic-curie.212-227-153-4.plesk.page\/pt\/wp-json\/wp\/v2\/types\/product"}],"replies":[{"embeddable":true,"href":"https:\/\/stoic-curie.212-227-153-4.plesk.page\/pt\/wp-json\/wp\/v2\/comments?post=3695880"}],"version-history":[{"count":0,"href":"https:\/\/stoic-curie.212-227-153-4.plesk.page\/pt\/wp-json\/wp\/v2\/product\/3695880\/revisions"}],"wp:featuredmedia":[{"embeddable":true,"href":"https:\/\/stoic-curie.212-227-153-4.plesk.page\/pt\/wp-json\/wp\/v2\/media\/5940078"}],"wp:attachment":[{"href":"https:\/\/stoic-curie.212-227-153-4.plesk.page\/pt\/wp-json\/wp\/v2\/media?parent=3695880"}],"wp:term":[{"taxonomy":"product_brand","embeddable":true,"href":"https:\/\/stoic-curie.212-227-153-4.plesk.page\/pt\/wp-json\/wp\/v2\/product_brand?post=3695880"},{"taxonomy":"product_cat","embeddable":true,"href":"https:\/\/stoic-curie.212-227-153-4.plesk.page\/pt\/wp-json\/wp\/v2\/product_cat?post=3695880"},{"taxonomy":"product_tag","embeddable":true,"href":"https:\/\/stoic-curie.212-227-153-4.plesk.page\/pt\/wp-json\/wp\/v2\/product_tag?post=3695880"}],"curies":[{"name":"wp","href":"https:\/\/api.w.org\/{rel}","templated":true}]}}