{"id":3695897,"date":"2025-10-13T14:07:11","date_gmt":"2025-10-13T18:07:11","guid":{"rendered":"https:\/\/stoic-curie.212-227-153-4.plesk.page\/product\/defensa-reta-azul-650x300x80mm\/"},"modified":"2026-02-25T00:27:53","modified_gmt":"2026-02-25T00:27:53","slug":"defensa-reta-azul-650x300x80mm","status":"publish","type":"product","link":"https:\/\/stoic-curie.212-227-153-4.plesk.page\/pt\/product\/defensa-reta-azul-650x300x80mm\/","title":{"rendered":"Defensa Reta Azul 650x300x80mm"},"content":{"rendered":"<p>Defensa Reta Azul 650x300x80mm &#8211; <\/p>\n<p>Prote\u00e7\u00f5es modulares planas de espuma macia E.V.A. de alta resist\u00eancia. F\u00e1ceis de armazenar gra\u00e7as \u00e0 forma plana, s\u00e3o utilizadas quando n\u00e3o h\u00e1 espa\u00e7o suficiente entre dois barcos. F\u00e1ceis de prender juntas para criar uma barreira de prote\u00e7\u00e3o. Com 4 buracos para corda e 2 buracos para cinto. Corda de 2,40 m inclu\u00edda.<\/p>\n","protected":false},"excerpt":{"rendered":"<p>Defensa Reta Azul 650x300x80mm &#8211; Prote\u00e7\u00f5es modulares planas de espuma macia E.V.A. de alta resist\u00eancia. F\u00e1ceis de armazenar gra\u00e7as \u00e0<\/p>\n","protected":false},"featured_media":5940116,"comment_status":"closed","ping_status":"closed","template":"","meta":[],"product_brand":[3092],"product_cat":[2135,2136],"product_tag":[],"class_list":{"0":"post-3695897","1":"product","2":"type-product","3":"status-publish","4":"has-post-thumbnail","6":"product_brand-majoni-pt","7":"product_cat-defensas-boias-e-defensas","8":"product_cat-defensas-de-doca","10":"first","11":"instock","12":"shipping-taxable","13":"purchasable","14":"product-type-simple"},"_links":{"self":[{"href":"https:\/\/stoic-curie.212-227-153-4.plesk.page\/pt\/wp-json\/wp\/v2\/product\/3695897","targetHints":{"allow":["GET"]}}],"collection":[{"href":"https:\/\/stoic-curie.212-227-153-4.plesk.page\/pt\/wp-json\/wp\/v2\/product"}],"about":[{"href":"https:\/\/stoic-curie.212-227-153-4.plesk.page\/pt\/wp-json\/wp\/v2\/types\/product"}],"replies":[{"embeddable":true,"href":"https:\/\/stoic-curie.212-227-153-4.plesk.page\/pt\/wp-json\/wp\/v2\/comments?post=3695897"}],"version-history":[{"count":0,"href":"https:\/\/stoic-curie.212-227-153-4.plesk.page\/pt\/wp-json\/wp\/v2\/product\/3695897\/revisions"}],"wp:featuredmedia":[{"embeddable":true,"href":"https:\/\/stoic-curie.212-227-153-4.plesk.page\/pt\/wp-json\/wp\/v2\/media\/5940116"}],"wp:attachment":[{"href":"https:\/\/stoic-curie.212-227-153-4.plesk.page\/pt\/wp-json\/wp\/v2\/media?parent=3695897"}],"wp:term":[{"taxonomy":"product_brand","embeddable":true,"href":"https:\/\/stoic-curie.212-227-153-4.plesk.page\/pt\/wp-json\/wp\/v2\/product_brand?post=3695897"},{"taxonomy":"product_cat","embeddable":true,"href":"https:\/\/stoic-curie.212-227-153-4.plesk.page\/pt\/wp-json\/wp\/v2\/product_cat?post=3695897"},{"taxonomy":"product_tag","embeddable":true,"href":"https:\/\/stoic-curie.212-227-153-4.plesk.page\/pt\/wp-json\/wp\/v2\/product_tag?post=3695897"}],"curies":[{"name":"wp","href":"https:\/\/api.w.org\/{rel}","templated":true}]}}