{"id":3695898,"date":"2025-10-13T14:07:11","date_gmt":"2025-10-13T18:07:11","guid":{"rendered":"https:\/\/stoic-curie.212-227-153-4.plesk.page\/product\/conector-giratorio-nawa-25mm\/"},"modified":"2026-02-25T00:27:53","modified_gmt":"2026-02-25T00:27:53","slug":"conector-giratorio-nawa-25mm","status":"publish","type":"product","link":"https:\/\/stoic-curie.212-227-153-4.plesk.page\/pt\/product\/conector-giratorio-nawa-25mm\/","title":{"rendered":"Conector Girat\u00f3rio Nawa 25mm"},"content":{"rendered":"<p>Conector Girat\u00f3rio Nawa 25mm &#8211; <\/p>\n<p>Suportes modulares para fenders NAWA feitos de a\u00e7o inoxid\u00e1vel 316 de alta qualidade e eletropolido. A solu\u00e7\u00e3o de armazenamento mais vers\u00e1til com conectores patenteados que possibilitam fixar as cestas em qualquer corrim\u00e3o em qualquer combina\u00e7\u00e3o. Tudo o que voc\u00ea precisa para a instala\u00e7\u00e3o \u00e9 uma chave de fenda, uma ou mais cestas e um ou mais conectores girat\u00f3rios ou paralelos. O conector girat\u00f3rio \u00e9 uma bra\u00e7adeira para tubos de 22, 25, 30 ou 32 mm. O conector paralelo conecta v\u00e1rias cestas juntas.<\/p>\n","protected":false},"excerpt":{"rendered":"<p>Conector Girat\u00f3rio Nawa 25mm &#8211; Suportes modulares para fenders NAWA feitos de a\u00e7o inoxid\u00e1vel 316 de alta qualidade e eletropolido.<\/p>\n","protected":false},"featured_media":5940130,"comment_status":"closed","ping_status":"closed","template":"","meta":[],"product_brand":[3182],"product_cat":[2134],"product_tag":[],"class_list":{"0":"post-3695898","1":"product","2":"type-product","3":"status-publish","4":"has-post-thumbnail","6":"product_brand-nawa-pt","7":"product_cat-acessorios-para-defensas","9":"first","10":"instock","11":"shipping-taxable","12":"purchasable","13":"product-type-simple"},"_links":{"self":[{"href":"https:\/\/stoic-curie.212-227-153-4.plesk.page\/pt\/wp-json\/wp\/v2\/product\/3695898","targetHints":{"allow":["GET"]}}],"collection":[{"href":"https:\/\/stoic-curie.212-227-153-4.plesk.page\/pt\/wp-json\/wp\/v2\/product"}],"about":[{"href":"https:\/\/stoic-curie.212-227-153-4.plesk.page\/pt\/wp-json\/wp\/v2\/types\/product"}],"replies":[{"embeddable":true,"href":"https:\/\/stoic-curie.212-227-153-4.plesk.page\/pt\/wp-json\/wp\/v2\/comments?post=3695898"}],"version-history":[{"count":0,"href":"https:\/\/stoic-curie.212-227-153-4.plesk.page\/pt\/wp-json\/wp\/v2\/product\/3695898\/revisions"}],"wp:featuredmedia":[{"embeddable":true,"href":"https:\/\/stoic-curie.212-227-153-4.plesk.page\/pt\/wp-json\/wp\/v2\/media\/5940130"}],"wp:attachment":[{"href":"https:\/\/stoic-curie.212-227-153-4.plesk.page\/pt\/wp-json\/wp\/v2\/media?parent=3695898"}],"wp:term":[{"taxonomy":"product_brand","embeddable":true,"href":"https:\/\/stoic-curie.212-227-153-4.plesk.page\/pt\/wp-json\/wp\/v2\/product_brand?post=3695898"},{"taxonomy":"product_cat","embeddable":true,"href":"https:\/\/stoic-curie.212-227-153-4.plesk.page\/pt\/wp-json\/wp\/v2\/product_cat?post=3695898"},{"taxonomy":"product_tag","embeddable":true,"href":"https:\/\/stoic-curie.212-227-153-4.plesk.page\/pt\/wp-json\/wp\/v2\/product_tag?post=3695898"}],"curies":[{"name":"wp","href":"https:\/\/api.w.org\/{rel}","templated":true}]}}