{"id":3695900,"date":"2025-10-13T14:07:12","date_gmt":"2025-10-13T18:07:12","guid":{"rendered":"https:\/\/stoic-curie.212-227-153-4.plesk.page\/product\/conector-paralelo-de-cesto-nawa\/"},"modified":"2026-02-25T00:27:53","modified_gmt":"2026-02-25T00:27:53","slug":"conector-paralelo-de-cesto-nawa","status":"publish","type":"product","link":"https:\/\/stoic-curie.212-227-153-4.plesk.page\/pt\/product\/conector-paralelo-de-cesto-nawa\/","title":{"rendered":"Conector Paralelo de Cesto Nawa"},"content":{"rendered":"<p>Conector Paralelo de Cesto Nawa &#8211; <\/p>\n<p>Os suportes modulares para defensas NAWA s\u00e3o feitos de a\u00e7o inoxid\u00e1vel 316 de alta qualidade e polido eletroliticamente. A solu\u00e7\u00e3o de armazenamento de defensas mais vers\u00e1til, com conectores patenteados que permitem fixar as cestas em quaisquer corrim\u00e3os em qualquer combina\u00e7\u00e3o. Para a instala\u00e7\u00e3o, voc\u00ea s\u00f3 precisa de uma chave de fenda, uma ou mais cestas e um ou mais conectores girat\u00f3rios ou paralelos. O conector girat\u00f3rio \u00e9 um grampo para tubos de corrim\u00e3o de 22, 25, 30 ou 32 mm. O conector paralelo conecta v\u00e1rias cestas juntas.<\/p>\n","protected":false},"excerpt":{"rendered":"<p>Conector Paralelo de Cesto Nawa &#8211; Os suportes modulares para defensas NAWA s\u00e3o feitos de a\u00e7o inoxid\u00e1vel 316 de alta<\/p>\n","protected":false},"featured_media":5940134,"comment_status":"closed","ping_status":"closed","template":"","meta":[],"product_brand":[3182],"product_cat":[2134],"product_tag":[],"class_list":{"0":"post-3695900","1":"product","2":"type-product","3":"status-publish","4":"has-post-thumbnail","6":"product_brand-nawa-pt","7":"product_cat-acessorios-para-defensas","9":"first","10":"instock","11":"shipping-taxable","12":"purchasable","13":"product-type-simple"},"_links":{"self":[{"href":"https:\/\/stoic-curie.212-227-153-4.plesk.page\/pt\/wp-json\/wp\/v2\/product\/3695900","targetHints":{"allow":["GET"]}}],"collection":[{"href":"https:\/\/stoic-curie.212-227-153-4.plesk.page\/pt\/wp-json\/wp\/v2\/product"}],"about":[{"href":"https:\/\/stoic-curie.212-227-153-4.plesk.page\/pt\/wp-json\/wp\/v2\/types\/product"}],"replies":[{"embeddable":true,"href":"https:\/\/stoic-curie.212-227-153-4.plesk.page\/pt\/wp-json\/wp\/v2\/comments?post=3695900"}],"version-history":[{"count":0,"href":"https:\/\/stoic-curie.212-227-153-4.plesk.page\/pt\/wp-json\/wp\/v2\/product\/3695900\/revisions"}],"wp:featuredmedia":[{"embeddable":true,"href":"https:\/\/stoic-curie.212-227-153-4.plesk.page\/pt\/wp-json\/wp\/v2\/media\/5940134"}],"wp:attachment":[{"href":"https:\/\/stoic-curie.212-227-153-4.plesk.page\/pt\/wp-json\/wp\/v2\/media?parent=3695900"}],"wp:term":[{"taxonomy":"product_brand","embeddable":true,"href":"https:\/\/stoic-curie.212-227-153-4.plesk.page\/pt\/wp-json\/wp\/v2\/product_brand?post=3695900"},{"taxonomy":"product_cat","embeddable":true,"href":"https:\/\/stoic-curie.212-227-153-4.plesk.page\/pt\/wp-json\/wp\/v2\/product_cat?post=3695900"},{"taxonomy":"product_tag","embeddable":true,"href":"https:\/\/stoic-curie.212-227-153-4.plesk.page\/pt\/wp-json\/wp\/v2\/product_tag?post=3695900"}],"curies":[{"name":"wp","href":"https:\/\/api.w.org\/{rel}","templated":true}]}}