{"id":3695902,"date":"2025-10-13T14:07:12","date_gmt":"2025-10-13T18:07:12","guid":{"rendered":"https:\/\/stoic-curie.212-227-153-4.plesk.page\/product\/boia-cilindrica-bicolor-com-orificio-130mm\/"},"modified":"2026-02-25T00:27:53","modified_gmt":"2026-02-25T00:27:53","slug":"boia-cilindrica-bicolor-com-orificio-130mm","status":"publish","type":"product","link":"https:\/\/stoic-curie.212-227-153-4.plesk.page\/pt\/product\/boia-cilindrica-bicolor-com-orificio-130mm\/","title":{"rendered":"B\u00f3ia Cil\u00edndrica Bicolor com Orif\u00edcio 130mm"},"content":{"rendered":"<p>B\u00f3ia Cil\u00edndrica Bicolor com Orif\u00edcio 130mm &#8211; <\/p>\n<p>B\u00f3ias de marca\u00e7\u00e3o de duas cores com orif\u00edcio passante. Para ancoragem, cordas de esqui e raias de nata\u00e7\u00e3o.<\/p>\n","protected":false},"excerpt":{"rendered":"<p>B\u00f3ia Cil\u00edndrica Bicolor com Orif\u00edcio 130mm &#8211; B\u00f3ias de marca\u00e7\u00e3o de duas cores com orif\u00edcio passante. Para ancoragem, cordas de<\/p>\n","protected":false},"featured_media":5940137,"comment_status":"closed","ping_status":"closed","template":"","meta":[],"product_brand":[2857],"product_cat":[2137],"product_tag":[],"class_list":{"0":"post-3695902","1":"product","2":"type-product","3":"status-publish","4":"has-post-thumbnail","6":"product_brand-can-marine-pt","7":"product_cat-boias-de-amarracao-e-sinalizacao","9":"first","10":"instock","11":"shipping-taxable","12":"purchasable","13":"product-type-simple"},"_links":{"self":[{"href":"https:\/\/stoic-curie.212-227-153-4.plesk.page\/pt\/wp-json\/wp\/v2\/product\/3695902","targetHints":{"allow":["GET"]}}],"collection":[{"href":"https:\/\/stoic-curie.212-227-153-4.plesk.page\/pt\/wp-json\/wp\/v2\/product"}],"about":[{"href":"https:\/\/stoic-curie.212-227-153-4.plesk.page\/pt\/wp-json\/wp\/v2\/types\/product"}],"replies":[{"embeddable":true,"href":"https:\/\/stoic-curie.212-227-153-4.plesk.page\/pt\/wp-json\/wp\/v2\/comments?post=3695902"}],"version-history":[{"count":0,"href":"https:\/\/stoic-curie.212-227-153-4.plesk.page\/pt\/wp-json\/wp\/v2\/product\/3695902\/revisions"}],"wp:featuredmedia":[{"embeddable":true,"href":"https:\/\/stoic-curie.212-227-153-4.plesk.page\/pt\/wp-json\/wp\/v2\/media\/5940137"}],"wp:attachment":[{"href":"https:\/\/stoic-curie.212-227-153-4.plesk.page\/pt\/wp-json\/wp\/v2\/media?parent=3695902"}],"wp:term":[{"taxonomy":"product_brand","embeddable":true,"href":"https:\/\/stoic-curie.212-227-153-4.plesk.page\/pt\/wp-json\/wp\/v2\/product_brand?post=3695902"},{"taxonomy":"product_cat","embeddable":true,"href":"https:\/\/stoic-curie.212-227-153-4.plesk.page\/pt\/wp-json\/wp\/v2\/product_cat?post=3695902"},{"taxonomy":"product_tag","embeddable":true,"href":"https:\/\/stoic-curie.212-227-153-4.plesk.page\/pt\/wp-json\/wp\/v2\/product_tag?post=3695902"}],"curies":[{"name":"wp","href":"https:\/\/api.w.org\/{rel}","templated":true}]}}