{"id":3695910,"date":"2025-10-13T14:07:13","date_gmt":"2025-10-13T18:07:13","guid":{"rendered":"https:\/\/stoic-curie.212-227-153-4.plesk.page\/product\/perfil-de-amortecimento-em-aluminio-h37-para-defensas\/"},"modified":"2026-02-25T00:27:53","modified_gmt":"2026-02-25T00:27:53","slug":"perfil-de-amortecimento-em-aluminio-h37-para-defensas","status":"publish","type":"product","link":"https:\/\/stoic-curie.212-227-153-4.plesk.page\/pt\/product\/perfil-de-amortecimento-em-aluminio-h37-para-defensas\/","title":{"rendered":"Perfil de Amortecimento em Alum\u00ednio H37 para defensas"},"content":{"rendered":"<p>Perfil de Amortecimento em Alum\u00ednio H37 para defensas &#8211; <\/p>\n<p>Perfil de prote\u00e7\u00e3o com trilho de borracha de alum\u00ednio anodizado. O trilho de borracha de alum\u00ednio est\u00e1 dispon\u00edvel em barras de 4 metros e deve ser escolhido de acordo com a altura desejada (H mm). O inserto de PVC preto ou branco est\u00e1 dispon\u00edvel em pacotes de 12, 16 e 24 metros.<\/p>\n","protected":false},"excerpt":{"rendered":"<p>Perfil de Amortecimento em Alum\u00ednio H37 para defensas &#8211; Perfil de prote\u00e7\u00e3o com trilho de borracha de alum\u00ednio anodizado. O<\/p>\n","protected":false},"featured_media":5940140,"comment_status":"closed","ping_status":"closed","template":"","meta":[],"product_brand":[3482],"product_cat":[2139],"product_tag":[],"class_list":{"0":"post-3695910","1":"product","2":"type-product","3":"status-publish","4":"has-post-thumbnail","6":"product_brand-tessilmare-pt","7":"product_cat-batentes-de-defensas","9":"first","10":"instock","11":"shipping-taxable","12":"purchasable","13":"product-type-simple"},"_links":{"self":[{"href":"https:\/\/stoic-curie.212-227-153-4.plesk.page\/pt\/wp-json\/wp\/v2\/product\/3695910","targetHints":{"allow":["GET"]}}],"collection":[{"href":"https:\/\/stoic-curie.212-227-153-4.plesk.page\/pt\/wp-json\/wp\/v2\/product"}],"about":[{"href":"https:\/\/stoic-curie.212-227-153-4.plesk.page\/pt\/wp-json\/wp\/v2\/types\/product"}],"replies":[{"embeddable":true,"href":"https:\/\/stoic-curie.212-227-153-4.plesk.page\/pt\/wp-json\/wp\/v2\/comments?post=3695910"}],"version-history":[{"count":0,"href":"https:\/\/stoic-curie.212-227-153-4.plesk.page\/pt\/wp-json\/wp\/v2\/product\/3695910\/revisions"}],"wp:featuredmedia":[{"embeddable":true,"href":"https:\/\/stoic-curie.212-227-153-4.plesk.page\/pt\/wp-json\/wp\/v2\/media\/5940140"}],"wp:attachment":[{"href":"https:\/\/stoic-curie.212-227-153-4.plesk.page\/pt\/wp-json\/wp\/v2\/media?parent=3695910"}],"wp:term":[{"taxonomy":"product_brand","embeddable":true,"href":"https:\/\/stoic-curie.212-227-153-4.plesk.page\/pt\/wp-json\/wp\/v2\/product_brand?post=3695910"},{"taxonomy":"product_cat","embeddable":true,"href":"https:\/\/stoic-curie.212-227-153-4.plesk.page\/pt\/wp-json\/wp\/v2\/product_cat?post=3695910"},{"taxonomy":"product_tag","embeddable":true,"href":"https:\/\/stoic-curie.212-227-153-4.plesk.page\/pt\/wp-json\/wp\/v2\/product_tag?post=3695910"}],"curies":[{"name":"wp","href":"https:\/\/api.w.org\/{rel}","templated":true}]}}