{"id":3695925,"date":"2025-10-13T14:07:16","date_gmt":"2025-10-13T18:07:16","guid":{"rendered":"https:\/\/stoic-curie.212-227-153-4.plesk.page\/product\/escotilhas-de-inspecao-redondas-brancas-205-x-155-mm\/"},"modified":"2026-02-25T00:27:53","modified_gmt":"2026-02-25T00:27:53","slug":"escotilhas-de-inspecao-redondas-brancas-205-x-155-mm","status":"publish","type":"product","link":"https:\/\/stoic-curie.212-227-153-4.plesk.page\/pt\/product\/escotilhas-de-inspecao-redondas-brancas-205-x-155-mm\/","title":{"rendered":"Escotilhas de Inspe\u00e7\u00e3o Redondas Brancas 205 x 155 mm"},"content":{"rendered":"<p>Escotilhas de Inspe\u00e7\u00e3o Redondas Brancas 205 x 155 mm &#8211; <\/p>\n<p>Tampa de inspe\u00e7\u00e3o de pl\u00e1stico \u00e0 prova d&#8217;\u00e1gua para parafusar.<\/p>\n","protected":false},"excerpt":{"rendered":"<p>Escotilhas de Inspe\u00e7\u00e3o Redondas Brancas 205 x 155 mm &#8211; Tampa de inspe\u00e7\u00e3o de pl\u00e1stico \u00e0 prova d&#8217;\u00e1gua para parafusar.<\/p>\n","protected":false},"featured_media":5940184,"comment_status":"closed","ping_status":"closed","template":"","meta":[],"product_brand":[3492],"product_cat":[1971,1982],"product_tag":[],"class_list":{"0":"post-3695925","1":"product","2":"type-product","3":"status-publish","4":"has-post-thumbnail","6":"product_brand-trem-pt","7":"product_cat-escotilhas-de-inspecao","8":"product_cat-escotilhas-plasticas","10":"first","11":"instock","12":"shipping-taxable","13":"purchasable","14":"product-type-simple"},"_links":{"self":[{"href":"https:\/\/stoic-curie.212-227-153-4.plesk.page\/pt\/wp-json\/wp\/v2\/product\/3695925","targetHints":{"allow":["GET"]}}],"collection":[{"href":"https:\/\/stoic-curie.212-227-153-4.plesk.page\/pt\/wp-json\/wp\/v2\/product"}],"about":[{"href":"https:\/\/stoic-curie.212-227-153-4.plesk.page\/pt\/wp-json\/wp\/v2\/types\/product"}],"replies":[{"embeddable":true,"href":"https:\/\/stoic-curie.212-227-153-4.plesk.page\/pt\/wp-json\/wp\/v2\/comments?post=3695925"}],"version-history":[{"count":0,"href":"https:\/\/stoic-curie.212-227-153-4.plesk.page\/pt\/wp-json\/wp\/v2\/product\/3695925\/revisions"}],"wp:featuredmedia":[{"embeddable":true,"href":"https:\/\/stoic-curie.212-227-153-4.plesk.page\/pt\/wp-json\/wp\/v2\/media\/5940184"}],"wp:attachment":[{"href":"https:\/\/stoic-curie.212-227-153-4.plesk.page\/pt\/wp-json\/wp\/v2\/media?parent=3695925"}],"wp:term":[{"taxonomy":"product_brand","embeddable":true,"href":"https:\/\/stoic-curie.212-227-153-4.plesk.page\/pt\/wp-json\/wp\/v2\/product_brand?post=3695925"},{"taxonomy":"product_cat","embeddable":true,"href":"https:\/\/stoic-curie.212-227-153-4.plesk.page\/pt\/wp-json\/wp\/v2\/product_cat?post=3695925"},{"taxonomy":"product_tag","embeddable":true,"href":"https:\/\/stoic-curie.212-227-153-4.plesk.page\/pt\/wp-json\/wp\/v2\/product_tag?post=3695925"}],"curies":[{"name":"wp","href":"https:\/\/api.w.org\/{rel}","templated":true}]}}