{"id":3695937,"date":"2025-10-13T14:07:17","date_gmt":"2025-10-13T18:07:17","guid":{"rendered":"https:\/\/stoic-curie.212-227-153-4.plesk.page\/product\/escotilhas-de-inspecao-redondas-transparentes-170-x-130mm\/"},"modified":"2026-02-25T00:27:53","modified_gmt":"2026-02-25T00:27:53","slug":"escotilhas-de-inspecao-redondas-transparentes-170-x-130mm","status":"publish","type":"product","link":"https:\/\/stoic-curie.212-227-153-4.plesk.page\/pt\/product\/escotilhas-de-inspecao-redondas-transparentes-170-x-130mm\/","title":{"rendered":"Escotilhas de Inspe\u00e7\u00e3o Redondas Transparentes 170 x 130mm"},"content":{"rendered":"<p>Escotilhas de Inspe\u00e7\u00e3o Redondas Transparentes 170 x 130mm &#8211; <\/p>\n<p>Placa de inspe\u00e7\u00e3o pl\u00e1stica \u00e0 prova d&#8217;\u00e1gua com veda\u00e7\u00e3o de O-ring. Tampa transparente para inspe\u00e7\u00e3o visual r\u00e1pida e f\u00e1cil.<\/p>\n","protected":false},"excerpt":{"rendered":"<p>Escotilhas de Inspe\u00e7\u00e3o Redondas Transparentes 170 x 130mm &#8211; Placa de inspe\u00e7\u00e3o pl\u00e1stica \u00e0 prova d&#8217;\u00e1gua com veda\u00e7\u00e3o de O-ring.<\/p>\n","protected":false},"featured_media":5940190,"comment_status":"closed","ping_status":"closed","template":"","meta":[],"product_brand":[3212],"product_cat":[1971],"product_tag":[],"class_list":{"0":"post-3695937","1":"product","2":"type-product","3":"status-publish","4":"has-post-thumbnail","6":"product_brand-nuova-rade-pt","7":"product_cat-escotilhas-de-inspecao","9":"first","10":"instock","11":"shipping-taxable","12":"purchasable","13":"product-type-simple"},"_links":{"self":[{"href":"https:\/\/stoic-curie.212-227-153-4.plesk.page\/pt\/wp-json\/wp\/v2\/product\/3695937","targetHints":{"allow":["GET"]}}],"collection":[{"href":"https:\/\/stoic-curie.212-227-153-4.plesk.page\/pt\/wp-json\/wp\/v2\/product"}],"about":[{"href":"https:\/\/stoic-curie.212-227-153-4.plesk.page\/pt\/wp-json\/wp\/v2\/types\/product"}],"replies":[{"embeddable":true,"href":"https:\/\/stoic-curie.212-227-153-4.plesk.page\/pt\/wp-json\/wp\/v2\/comments?post=3695937"}],"version-history":[{"count":0,"href":"https:\/\/stoic-curie.212-227-153-4.plesk.page\/pt\/wp-json\/wp\/v2\/product\/3695937\/revisions"}],"wp:featuredmedia":[{"embeddable":true,"href":"https:\/\/stoic-curie.212-227-153-4.plesk.page\/pt\/wp-json\/wp\/v2\/media\/5940190"}],"wp:attachment":[{"href":"https:\/\/stoic-curie.212-227-153-4.plesk.page\/pt\/wp-json\/wp\/v2\/media?parent=3695937"}],"wp:term":[{"taxonomy":"product_brand","embeddable":true,"href":"https:\/\/stoic-curie.212-227-153-4.plesk.page\/pt\/wp-json\/wp\/v2\/product_brand?post=3695937"},{"taxonomy":"product_cat","embeddable":true,"href":"https:\/\/stoic-curie.212-227-153-4.plesk.page\/pt\/wp-json\/wp\/v2\/product_cat?post=3695937"},{"taxonomy":"product_tag","embeddable":true,"href":"https:\/\/stoic-curie.212-227-153-4.plesk.page\/pt\/wp-json\/wp\/v2\/product_tag?post=3695937"}],"curies":[{"name":"wp","href":"https:\/\/api.w.org\/{rel}","templated":true}]}}