{"id":3695940,"date":"2025-10-13T14:07:18","date_gmt":"2025-10-13T18:07:18","guid":{"rendered":"https:\/\/stoic-curie.212-227-153-4.plesk.page\/product\/escotilhas-de-inspecao-em-abs-380-x-380mm\/"},"modified":"2026-02-25T00:27:53","modified_gmt":"2026-02-25T00:27:53","slug":"escotilhas-de-inspecao-em-abs-380-x-380mm","status":"publish","type":"product","link":"https:\/\/stoic-curie.212-227-153-4.plesk.page\/pt\/product\/escotilhas-de-inspecao-em-abs-380-x-380mm\/","title":{"rendered":"Escotilhas de Inspe\u00e7\u00e3o em ABS 380 x 380mm"},"content":{"rendered":"<p>Escotilhas de Inspe\u00e7\u00e3o em ABS 380 x 380mm &#8211; <\/p>\n<p>Inspe\u00e7\u00e3o e tampa de utilidade de montagem vertical para bulkheads.<\/p>\n","protected":false},"excerpt":{"rendered":"<p>Escotilhas de Inspe\u00e7\u00e3o em ABS 380 x 380mm &#8211; Inspe\u00e7\u00e3o e tampa de utilidade de montagem vertical para bulkheads.<\/p>\n","protected":false},"featured_media":5940191,"comment_status":"closed","ping_status":"closed","template":"","meta":[],"product_brand":[2862],"product_cat":[1982],"product_tag":[],"class_list":{"0":"post-3695940","1":"product","2":"type-product","3":"status-publish","4":"has-post-thumbnail","6":"product_brand-ceredi-pt","7":"product_cat-escotilhas-plasticas","9":"first","10":"instock","11":"shipping-taxable","12":"purchasable","13":"product-type-simple"},"_links":{"self":[{"href":"https:\/\/stoic-curie.212-227-153-4.plesk.page\/pt\/wp-json\/wp\/v2\/product\/3695940","targetHints":{"allow":["GET"]}}],"collection":[{"href":"https:\/\/stoic-curie.212-227-153-4.plesk.page\/pt\/wp-json\/wp\/v2\/product"}],"about":[{"href":"https:\/\/stoic-curie.212-227-153-4.plesk.page\/pt\/wp-json\/wp\/v2\/types\/product"}],"replies":[{"embeddable":true,"href":"https:\/\/stoic-curie.212-227-153-4.plesk.page\/pt\/wp-json\/wp\/v2\/comments?post=3695940"}],"version-history":[{"count":0,"href":"https:\/\/stoic-curie.212-227-153-4.plesk.page\/pt\/wp-json\/wp\/v2\/product\/3695940\/revisions"}],"wp:featuredmedia":[{"embeddable":true,"href":"https:\/\/stoic-curie.212-227-153-4.plesk.page\/pt\/wp-json\/wp\/v2\/media\/5940191"}],"wp:attachment":[{"href":"https:\/\/stoic-curie.212-227-153-4.plesk.page\/pt\/wp-json\/wp\/v2\/media?parent=3695940"}],"wp:term":[{"taxonomy":"product_brand","embeddable":true,"href":"https:\/\/stoic-curie.212-227-153-4.plesk.page\/pt\/wp-json\/wp\/v2\/product_brand?post=3695940"},{"taxonomy":"product_cat","embeddable":true,"href":"https:\/\/stoic-curie.212-227-153-4.plesk.page\/pt\/wp-json\/wp\/v2\/product_cat?post=3695940"},{"taxonomy":"product_tag","embeddable":true,"href":"https:\/\/stoic-curie.212-227-153-4.plesk.page\/pt\/wp-json\/wp\/v2\/product_tag?post=3695940"}],"curies":[{"name":"wp","href":"https:\/\/api.w.org\/{rel}","templated":true}]}}