{"id":3695941,"date":"2025-10-13T14:07:18","date_gmt":"2025-10-13T18:07:18","guid":{"rendered":"https:\/\/stoic-curie.212-227-153-4.plesk.page\/product\/caixa-aberta-para-extintor-de-incendio-170-x-420mm\/"},"modified":"2026-02-25T00:27:54","modified_gmt":"2026-02-25T00:27:54","slug":"caixa-aberta-para-extintor-de-incendio-170-x-420mm","status":"publish","type":"product","link":"https:\/\/stoic-curie.212-227-153-4.plesk.page\/pt\/product\/caixa-aberta-para-extintor-de-incendio-170-x-420mm\/","title":{"rendered":"Caixa Aberta para Extintor de Inc\u00eandio 170 x 420mm"},"content":{"rendered":"<p>Caixa Aberta para Extintor de Inc\u00eandio 170 x 420mm &#8211; <\/p>\n<p>Caixa de extintor padr\u00e3o de pl\u00e1stico de 1 kg.<\/p>\n","protected":false},"excerpt":{"rendered":"<p>Caixa Aberta para Extintor de Inc\u00eandio 170 x 420mm &#8211; Caixa de extintor padr\u00e3o de pl\u00e1stico de 1 kg.<\/p>\n","protected":false},"featured_media":5940211,"comment_status":"closed","ping_status":"closed","template":"","meta":[],"product_brand":[2862],"product_cat":[1887],"product_tag":[],"class_list":{"0":"post-3695941","1":"product","2":"type-product","3":"status-publish","4":"has-post-thumbnail","6":"product_brand-ceredi-pt","7":"product_cat-extintores-de-incendio","9":"first","10":"instock","11":"shipping-taxable","12":"purchasable","13":"product-type-simple"},"_links":{"self":[{"href":"https:\/\/stoic-curie.212-227-153-4.plesk.page\/pt\/wp-json\/wp\/v2\/product\/3695941","targetHints":{"allow":["GET"]}}],"collection":[{"href":"https:\/\/stoic-curie.212-227-153-4.plesk.page\/pt\/wp-json\/wp\/v2\/product"}],"about":[{"href":"https:\/\/stoic-curie.212-227-153-4.plesk.page\/pt\/wp-json\/wp\/v2\/types\/product"}],"replies":[{"embeddable":true,"href":"https:\/\/stoic-curie.212-227-153-4.plesk.page\/pt\/wp-json\/wp\/v2\/comments?post=3695941"}],"version-history":[{"count":0,"href":"https:\/\/stoic-curie.212-227-153-4.plesk.page\/pt\/wp-json\/wp\/v2\/product\/3695941\/revisions"}],"wp:featuredmedia":[{"embeddable":true,"href":"https:\/\/stoic-curie.212-227-153-4.plesk.page\/pt\/wp-json\/wp\/v2\/media\/5940211"}],"wp:attachment":[{"href":"https:\/\/stoic-curie.212-227-153-4.plesk.page\/pt\/wp-json\/wp\/v2\/media?parent=3695941"}],"wp:term":[{"taxonomy":"product_brand","embeddable":true,"href":"https:\/\/stoic-curie.212-227-153-4.plesk.page\/pt\/wp-json\/wp\/v2\/product_brand?post=3695941"},{"taxonomy":"product_cat","embeddable":true,"href":"https:\/\/stoic-curie.212-227-153-4.plesk.page\/pt\/wp-json\/wp\/v2\/product_cat?post=3695941"},{"taxonomy":"product_tag","embeddable":true,"href":"https:\/\/stoic-curie.212-227-153-4.plesk.page\/pt\/wp-json\/wp\/v2\/product_tag?post=3695941"}],"curies":[{"name":"wp","href":"https:\/\/api.w.org\/{rel}","templated":true}]}}