{"id":3695947,"date":"2025-10-13T14:07:19","date_gmt":"2025-10-13T18:07:19","guid":{"rendered":"https:\/\/stoic-curie.212-227-153-4.plesk.page\/product\/lata-de-combustivel-homologada-20lt\/"},"modified":"2026-02-25T00:27:54","modified_gmt":"2026-02-25T00:27:54","slug":"lata-de-combustivel-homologada-20lt","status":"publish","type":"product","link":"https:\/\/stoic-curie.212-227-153-4.plesk.page\/pt\/product\/lata-de-combustivel-homologada-20lt\/","title":{"rendered":"Lata de Combust\u00edvel Homologada 20lt"},"content":{"rendered":"<p>Lata de Combust\u00edvel Homologada 20lt &#8211; <\/p>\n<p>Gal\u00f5es de pl\u00e1stico para combust\u00edvel fabricados de acordo com as normas europeias da &#8216;ONU&#8217;. Equipados com bico flex\u00edvel.<\/p>\n","protected":false},"excerpt":{"rendered":"<p>Lata de Combust\u00edvel Homologada 20lt &#8211; Gal\u00f5es de pl\u00e1stico para combust\u00edvel fabricados de acordo com as normas europeias da &#8216;ONU&#8217;.<\/p>\n","protected":false},"featured_media":5940219,"comment_status":"closed","ping_status":"closed","template":"","meta":[],"product_brand":[3212],"product_cat":[2114,2087],"product_tag":[],"class_list":{"0":"post-3695947","1":"product","2":"type-product","3":"status-publish","4":"has-post-thumbnail","6":"product_brand-nuova-rade-pt","7":"product_cat-acessorios-para-motores-fora-de-bordo","8":"product_cat-tanques-de-combustivel","10":"first","11":"instock","12":"shipping-taxable","13":"purchasable","14":"product-type-simple"},"_links":{"self":[{"href":"https:\/\/stoic-curie.212-227-153-4.plesk.page\/pt\/wp-json\/wp\/v2\/product\/3695947","targetHints":{"allow":["GET"]}}],"collection":[{"href":"https:\/\/stoic-curie.212-227-153-4.plesk.page\/pt\/wp-json\/wp\/v2\/product"}],"about":[{"href":"https:\/\/stoic-curie.212-227-153-4.plesk.page\/pt\/wp-json\/wp\/v2\/types\/product"}],"replies":[{"embeddable":true,"href":"https:\/\/stoic-curie.212-227-153-4.plesk.page\/pt\/wp-json\/wp\/v2\/comments?post=3695947"}],"version-history":[{"count":0,"href":"https:\/\/stoic-curie.212-227-153-4.plesk.page\/pt\/wp-json\/wp\/v2\/product\/3695947\/revisions"}],"wp:featuredmedia":[{"embeddable":true,"href":"https:\/\/stoic-curie.212-227-153-4.plesk.page\/pt\/wp-json\/wp\/v2\/media\/5940219"}],"wp:attachment":[{"href":"https:\/\/stoic-curie.212-227-153-4.plesk.page\/pt\/wp-json\/wp\/v2\/media?parent=3695947"}],"wp:term":[{"taxonomy":"product_brand","embeddable":true,"href":"https:\/\/stoic-curie.212-227-153-4.plesk.page\/pt\/wp-json\/wp\/v2\/product_brand?post=3695947"},{"taxonomy":"product_cat","embeddable":true,"href":"https:\/\/stoic-curie.212-227-153-4.plesk.page\/pt\/wp-json\/wp\/v2\/product_cat?post=3695947"},{"taxonomy":"product_tag","embeddable":true,"href":"https:\/\/stoic-curie.212-227-153-4.plesk.page\/pt\/wp-json\/wp\/v2\/product_tag?post=3695947"}],"curies":[{"name":"wp","href":"https:\/\/api.w.org\/{rel}","templated":true}]}}