{"id":3695948,"date":"2025-10-13T14:07:19","date_gmt":"2025-10-13T18:07:19","guid":{"rendered":"https:\/\/stoic-curie.212-227-153-4.plesk.page\/product\/entrada-de-reposicao-para-depositos-de-combustivel-eltex\/"},"modified":"2026-02-25T00:27:54","modified_gmt":"2026-02-25T00:27:54","slug":"entrada-de-reposicao-para-depositos-de-combustivel-eltex","status":"publish","type":"product","link":"https:\/\/stoic-curie.212-227-153-4.plesk.page\/pt\/product\/entrada-de-reposicao-para-depositos-de-combustivel-eltex\/","title":{"rendered":"Entrada de Reposi\u00e7\u00e3o para Dep\u00f3sitos de Combust\u00edvel Eltex"},"content":{"rendered":"<p>Entrada de Reposi\u00e7\u00e3o para Dep\u00f3sitos de Combust\u00edvel Eltex &#8211; <\/p>\n<p>Olho de inspe\u00e7\u00e3o para instala\u00e7\u00e3o fixa de tanques de pl\u00e1stico composto por: prato de olho de nylon refor\u00e7ado, tampa rosqueada com ventila\u00e7\u00e3o, tubo de mergulho com tubo de \u00d812 mm para mangueira, ventila\u00e7\u00e3o de \u00d817-19 mm e flange de fechamento para o orif\u00edcio do man\u00f4metro.<\/p>\n","protected":false},"excerpt":{"rendered":"<p>Entrada de Reposi\u00e7\u00e3o para Dep\u00f3sitos de Combust\u00edvel Eltex &#8211; Olho de inspe\u00e7\u00e3o para instala\u00e7\u00e3o fixa de tanques de pl\u00e1stico composto<\/p>\n","protected":false},"featured_media":5940254,"comment_status":"closed","ping_status":"closed","template":"","meta":[],"product_brand":[2857],"product_cat":[2087],"product_tag":[],"class_list":{"0":"post-3695948","1":"product","2":"type-product","3":"status-publish","4":"has-post-thumbnail","6":"product_brand-can-marine-pt","7":"product_cat-tanques-de-combustivel","9":"first","10":"instock","11":"shipping-taxable","12":"purchasable","13":"product-type-simple"},"_links":{"self":[{"href":"https:\/\/stoic-curie.212-227-153-4.plesk.page\/pt\/wp-json\/wp\/v2\/product\/3695948","targetHints":{"allow":["GET"]}}],"collection":[{"href":"https:\/\/stoic-curie.212-227-153-4.plesk.page\/pt\/wp-json\/wp\/v2\/product"}],"about":[{"href":"https:\/\/stoic-curie.212-227-153-4.plesk.page\/pt\/wp-json\/wp\/v2\/types\/product"}],"replies":[{"embeddable":true,"href":"https:\/\/stoic-curie.212-227-153-4.plesk.page\/pt\/wp-json\/wp\/v2\/comments?post=3695948"}],"version-history":[{"count":0,"href":"https:\/\/stoic-curie.212-227-153-4.plesk.page\/pt\/wp-json\/wp\/v2\/product\/3695948\/revisions"}],"wp:featuredmedia":[{"embeddable":true,"href":"https:\/\/stoic-curie.212-227-153-4.plesk.page\/pt\/wp-json\/wp\/v2\/media\/5940254"}],"wp:attachment":[{"href":"https:\/\/stoic-curie.212-227-153-4.plesk.page\/pt\/wp-json\/wp\/v2\/media?parent=3695948"}],"wp:term":[{"taxonomy":"product_brand","embeddable":true,"href":"https:\/\/stoic-curie.212-227-153-4.plesk.page\/pt\/wp-json\/wp\/v2\/product_brand?post=3695948"},{"taxonomy":"product_cat","embeddable":true,"href":"https:\/\/stoic-curie.212-227-153-4.plesk.page\/pt\/wp-json\/wp\/v2\/product_cat?post=3695948"},{"taxonomy":"product_tag","embeddable":true,"href":"https:\/\/stoic-curie.212-227-153-4.plesk.page\/pt\/wp-json\/wp\/v2\/product_tag?post=3695948"}],"curies":[{"name":"wp","href":"https:\/\/api.w.org\/{rel}","templated":true}]}}