{"id":3695950,"date":"2025-10-13T14:07:20","date_gmt":"2025-10-13T18:07:20","guid":{"rendered":"https:\/\/stoic-curie.212-227-153-4.plesk.page\/product\/suporte-universal-de-plastico-para-balsas-salva-vidas-e-depositos\/"},"modified":"2026-02-25T00:27:54","modified_gmt":"2026-02-25T00:27:54","slug":"suporte-universal-de-plastico-para-balsas-salva-vidas-e-depositos","status":"publish","type":"product","link":"https:\/\/stoic-curie.212-227-153-4.plesk.page\/pt\/product\/suporte-universal-de-plastico-para-balsas-salva-vidas-e-depositos\/","title":{"rendered":"Suporte Universal de Pl\u00e1stico para Balsas Salva-Vidas e Dep\u00f3sitos"},"content":{"rendered":"<p>Suporte Universal de Pl\u00e1stico para Balsas Salva-Vidas e Dep\u00f3sitos &#8211; <\/p>\n<p>Placas de fixa\u00e7\u00e3o para grandes tanques, balsas salva-vidas e cilindros de mergulho. 4 bases de 65&#215;110 mm com dist\u00e2ncia de eixos de 28 mm, comprimento da cinta simples de 2&#215;2,5 metros.<\/p>\n","protected":false},"excerpt":{"rendered":"<p>Suporte Universal de Pl\u00e1stico para Balsas Salva-Vidas e Dep\u00f3sitos &#8211; Placas de fixa\u00e7\u00e3o para grandes tanques, balsas salva-vidas e cilindros<\/p>\n","protected":false},"featured_media":5940264,"comment_status":"closed","ping_status":"closed","template":"","meta":[],"product_brand":[2857],"product_cat":[1894,1951,2087],"product_tag":[],"class_list":{"0":"post-3695950","1":"product","2":"type-product","3":"status-publish","4":"has-post-thumbnail","6":"product_brand-can-marine-pt","7":"product_cat-jangadas-salva-vidas","8":"product_cat-tanques-de-agua","9":"product_cat-tanques-de-combustivel","11":"first","12":"instock","13":"shipping-taxable","14":"purchasable","15":"product-type-simple"},"_links":{"self":[{"href":"https:\/\/stoic-curie.212-227-153-4.plesk.page\/pt\/wp-json\/wp\/v2\/product\/3695950","targetHints":{"allow":["GET"]}}],"collection":[{"href":"https:\/\/stoic-curie.212-227-153-4.plesk.page\/pt\/wp-json\/wp\/v2\/product"}],"about":[{"href":"https:\/\/stoic-curie.212-227-153-4.plesk.page\/pt\/wp-json\/wp\/v2\/types\/product"}],"replies":[{"embeddable":true,"href":"https:\/\/stoic-curie.212-227-153-4.plesk.page\/pt\/wp-json\/wp\/v2\/comments?post=3695950"}],"version-history":[{"count":0,"href":"https:\/\/stoic-curie.212-227-153-4.plesk.page\/pt\/wp-json\/wp\/v2\/product\/3695950\/revisions"}],"wp:featuredmedia":[{"embeddable":true,"href":"https:\/\/stoic-curie.212-227-153-4.plesk.page\/pt\/wp-json\/wp\/v2\/media\/5940264"}],"wp:attachment":[{"href":"https:\/\/stoic-curie.212-227-153-4.plesk.page\/pt\/wp-json\/wp\/v2\/media?parent=3695950"}],"wp:term":[{"taxonomy":"product_brand","embeddable":true,"href":"https:\/\/stoic-curie.212-227-153-4.plesk.page\/pt\/wp-json\/wp\/v2\/product_brand?post=3695950"},{"taxonomy":"product_cat","embeddable":true,"href":"https:\/\/stoic-curie.212-227-153-4.plesk.page\/pt\/wp-json\/wp\/v2\/product_cat?post=3695950"},{"taxonomy":"product_tag","embeddable":true,"href":"https:\/\/stoic-curie.212-227-153-4.plesk.page\/pt\/wp-json\/wp\/v2\/product_tag?post=3695950"}],"curies":[{"name":"wp","href":"https:\/\/api.w.org\/{rel}","templated":true}]}}