{"id":3695961,"date":"2025-10-13T14:07:21","date_gmt":"2025-10-13T18:07:21","guid":{"rendered":"https:\/\/stoic-curie.212-227-153-4.plesk.page\/product\/abracadeiras-para-mangueira-de-combustivel-de-motores-fora-de-borda\/"},"modified":"2026-02-25T00:27:54","modified_gmt":"2026-02-25T00:27:54","slug":"abracadeiras-para-mangueira-de-combustivel-de-motores-fora-de-borda","status":"publish","type":"product","link":"https:\/\/stoic-curie.212-227-153-4.plesk.page\/pt\/product\/abracadeiras-para-mangueira-de-combustivel-de-motores-fora-de-borda\/","title":{"rendered":"Abra\u00e7adeiras para Mangueira de Combust\u00edvel de Motores Fora de Borda"},"content":{"rendered":"<p>Abra\u00e7adeiras para Mangueira de Combust\u00edvel de Motores Fora de Borda &#8211; <\/p>\n<p>Clipes de mola para tubos de motor fora de borda.<\/p>\n","protected":false},"excerpt":{"rendered":"<p>Abra\u00e7adeiras para Mangueira de Combust\u00edvel de Motores Fora de Borda &#8211; Clipes de mola para tubos de motor fora de<\/p>\n","protected":false},"featured_media":5940271,"comment_status":"closed","ping_status":"closed","template":"","meta":[],"product_brand":[3237],"product_cat":[2114],"product_tag":[],"class_list":{"0":"post-3695961","1":"product","2":"type-product","3":"status-publish","4":"has-post-thumbnail","6":"product_brand-osculati-pt","7":"product_cat-acessorios-para-motores-fora-de-bordo","9":"first","10":"instock","11":"shipping-taxable","12":"purchasable","13":"product-type-simple"},"_links":{"self":[{"href":"https:\/\/stoic-curie.212-227-153-4.plesk.page\/pt\/wp-json\/wp\/v2\/product\/3695961","targetHints":{"allow":["GET"]}}],"collection":[{"href":"https:\/\/stoic-curie.212-227-153-4.plesk.page\/pt\/wp-json\/wp\/v2\/product"}],"about":[{"href":"https:\/\/stoic-curie.212-227-153-4.plesk.page\/pt\/wp-json\/wp\/v2\/types\/product"}],"replies":[{"embeddable":true,"href":"https:\/\/stoic-curie.212-227-153-4.plesk.page\/pt\/wp-json\/wp\/v2\/comments?post=3695961"}],"version-history":[{"count":0,"href":"https:\/\/stoic-curie.212-227-153-4.plesk.page\/pt\/wp-json\/wp\/v2\/product\/3695961\/revisions"}],"wp:featuredmedia":[{"embeddable":true,"href":"https:\/\/stoic-curie.212-227-153-4.plesk.page\/pt\/wp-json\/wp\/v2\/media\/5940271"}],"wp:attachment":[{"href":"https:\/\/stoic-curie.212-227-153-4.plesk.page\/pt\/wp-json\/wp\/v2\/media?parent=3695961"}],"wp:term":[{"taxonomy":"product_brand","embeddable":true,"href":"https:\/\/stoic-curie.212-227-153-4.plesk.page\/pt\/wp-json\/wp\/v2\/product_brand?post=3695961"},{"taxonomy":"product_cat","embeddable":true,"href":"https:\/\/stoic-curie.212-227-153-4.plesk.page\/pt\/wp-json\/wp\/v2\/product_cat?post=3695961"},{"taxonomy":"product_tag","embeddable":true,"href":"https:\/\/stoic-curie.212-227-153-4.plesk.page\/pt\/wp-json\/wp\/v2\/product_tag?post=3695961"}],"curies":[{"name":"wp","href":"https:\/\/api.w.org\/{rel}","templated":true}]}}