{"id":3695968,"date":"2025-10-13T14:07:22","date_gmt":"2025-10-13T18:07:22","guid":{"rendered":"https:\/\/stoic-curie.212-227-153-4.plesk.page\/product\/abastecedor-de-agua-residual-em-aco-inoxidavel-d38-com-chave\/"},"modified":"2026-02-25T00:27:54","modified_gmt":"2026-02-25T00:27:54","slug":"abastecedor-de-agua-residual-em-aco-inoxidavel-d38-com-chave","status":"publish","type":"product","link":"https:\/\/stoic-curie.212-227-153-4.plesk.page\/pt\/product\/abastecedor-de-agua-residual-em-aco-inoxidavel-d38-com-chave\/","title":{"rendered":"Abastecedor de \u00c1gua Residual em A\u00e7o Inoxid\u00e1vel D38 com Chave"},"content":{"rendered":"<p>Abastecedor de \u00c1gua Residual em A\u00e7o Inoxid\u00e1vel D38 com Chave &#8211; <\/p>\n<p>Preenchimento de conv\u00e9s em a\u00e7o inox com alavanca de chave para abrir\/fechar.<\/p>\n","protected":false},"excerpt":{"rendered":"<p>Abastecedor de \u00c1gua Residual em A\u00e7o Inoxid\u00e1vel D38 com Chave &#8211; Preenchimento de conv\u00e9s em a\u00e7o inox com alavanca de<\/p>\n","protected":false},"featured_media":5940276,"comment_status":"closed","ping_status":"closed","template":"","meta":[],"product_brand":[3357],"product_cat":[1936],"product_tag":[],"class_list":{"0":"post-3695968","1":"product","2":"type-product","3":"status-publish","4":"has-post-thumbnail","6":"product_brand-seaflow-pt","7":"product_cat-tanques-de-aguas-residuais","9":"first","10":"instock","11":"shipping-taxable","12":"purchasable","13":"product-type-simple"},"_links":{"self":[{"href":"https:\/\/stoic-curie.212-227-153-4.plesk.page\/pt\/wp-json\/wp\/v2\/product\/3695968","targetHints":{"allow":["GET"]}}],"collection":[{"href":"https:\/\/stoic-curie.212-227-153-4.plesk.page\/pt\/wp-json\/wp\/v2\/product"}],"about":[{"href":"https:\/\/stoic-curie.212-227-153-4.plesk.page\/pt\/wp-json\/wp\/v2\/types\/product"}],"replies":[{"embeddable":true,"href":"https:\/\/stoic-curie.212-227-153-4.plesk.page\/pt\/wp-json\/wp\/v2\/comments?post=3695968"}],"version-history":[{"count":0,"href":"https:\/\/stoic-curie.212-227-153-4.plesk.page\/pt\/wp-json\/wp\/v2\/product\/3695968\/revisions"}],"wp:featuredmedia":[{"embeddable":true,"href":"https:\/\/stoic-curie.212-227-153-4.plesk.page\/pt\/wp-json\/wp\/v2\/media\/5940276"}],"wp:attachment":[{"href":"https:\/\/stoic-curie.212-227-153-4.plesk.page\/pt\/wp-json\/wp\/v2\/media?parent=3695968"}],"wp:term":[{"taxonomy":"product_brand","embeddable":true,"href":"https:\/\/stoic-curie.212-227-153-4.plesk.page\/pt\/wp-json\/wp\/v2\/product_brand?post=3695968"},{"taxonomy":"product_cat","embeddable":true,"href":"https:\/\/stoic-curie.212-227-153-4.plesk.page\/pt\/wp-json\/wp\/v2\/product_cat?post=3695968"},{"taxonomy":"product_tag","embeddable":true,"href":"https:\/\/stoic-curie.212-227-153-4.plesk.page\/pt\/wp-json\/wp\/v2\/product_tag?post=3695968"}],"curies":[{"name":"wp","href":"https:\/\/api.w.org\/{rel}","templated":true}]}}