{"id":3695972,"date":"2025-10-13T14:07:23","date_gmt":"2025-10-13T18:07:23","guid":{"rendered":"https:\/\/stoic-curie.212-227-153-4.plesk.page\/product\/abastecedores-de-conves-em-nylon-d50\/"},"modified":"2026-02-25T00:27:54","modified_gmt":"2026-02-25T00:27:54","slug":"abastecedores-de-conves-em-nylon-d50","status":"publish","type":"product","link":"https:\/\/stoic-curie.212-227-153-4.plesk.page\/pt\/product\/abastecedores-de-conves-em-nylon-d50\/","title":{"rendered":"Abastecedores de Conv\u00e9s em Nylon D50"},"content":{"rendered":"<p>Abastecedores de Conv\u00e9s em Nylon D50 &#8211; <\/p>\n<p>Tampo multifuncional de nylon refor\u00e7ado com alavancas de abertura codificadas por cores em vermelho, preto, azul e verde. Inclui adesivos autocolantes para diesel, combust\u00edvel, g\u00e1s, gasolina, \u00e1gua e res\u00edduos.<\/p>\n","protected":false},"excerpt":{"rendered":"<p>Abastecedores de Conv\u00e9s em Nylon D50 &#8211; Tampo multifuncional de nylon refor\u00e7ado com alavancas de abertura codificadas por cores em<\/p>\n","protected":false},"featured_media":5940278,"comment_status":"closed","ping_status":"closed","template":"","meta":[],"product_brand":[3212],"product_cat":[2088,1955,1936],"product_tag":[],"class_list":{"0":"post-3695972","1":"product","2":"type-product","3":"status-publish","4":"has-post-thumbnail","6":"product_brand-nuova-rade-pt","7":"product_cat-bocais-de-enchimento-de-combustivel","8":"product_cat-tampao-de-enchimento-de-conves","9":"product_cat-tanques-de-aguas-residuais","11":"first","12":"instock","13":"shipping-taxable","14":"purchasable","15":"product-type-simple"},"_links":{"self":[{"href":"https:\/\/stoic-curie.212-227-153-4.plesk.page\/pt\/wp-json\/wp\/v2\/product\/3695972","targetHints":{"allow":["GET"]}}],"collection":[{"href":"https:\/\/stoic-curie.212-227-153-4.plesk.page\/pt\/wp-json\/wp\/v2\/product"}],"about":[{"href":"https:\/\/stoic-curie.212-227-153-4.plesk.page\/pt\/wp-json\/wp\/v2\/types\/product"}],"replies":[{"embeddable":true,"href":"https:\/\/stoic-curie.212-227-153-4.plesk.page\/pt\/wp-json\/wp\/v2\/comments?post=3695972"}],"version-history":[{"count":0,"href":"https:\/\/stoic-curie.212-227-153-4.plesk.page\/pt\/wp-json\/wp\/v2\/product\/3695972\/revisions"}],"wp:featuredmedia":[{"embeddable":true,"href":"https:\/\/stoic-curie.212-227-153-4.plesk.page\/pt\/wp-json\/wp\/v2\/media\/5940278"}],"wp:attachment":[{"href":"https:\/\/stoic-curie.212-227-153-4.plesk.page\/pt\/wp-json\/wp\/v2\/media?parent=3695972"}],"wp:term":[{"taxonomy":"product_brand","embeddable":true,"href":"https:\/\/stoic-curie.212-227-153-4.plesk.page\/pt\/wp-json\/wp\/v2\/product_brand?post=3695972"},{"taxonomy":"product_cat","embeddable":true,"href":"https:\/\/stoic-curie.212-227-153-4.plesk.page\/pt\/wp-json\/wp\/v2\/product_cat?post=3695972"},{"taxonomy":"product_tag","embeddable":true,"href":"https:\/\/stoic-curie.212-227-153-4.plesk.page\/pt\/wp-json\/wp\/v2\/product_tag?post=3695972"}],"curies":[{"name":"wp","href":"https:\/\/api.w.org\/{rel}","templated":true}]}}