{"id":3695976,"date":"2025-10-13T14:07:23","date_gmt":"2025-10-13T18:07:23","guid":{"rendered":"https:\/\/stoic-curie.212-227-153-4.plesk.page\/product\/abastecedor-de-combustivel-em-aco-inoxidavel-50-mm-chave-de-guincho\/"},"modified":"2026-02-25T00:27:54","modified_gmt":"2026-02-25T00:27:54","slug":"abastecedor-de-combustivel-em-aco-inoxidavel-50-mm-chave-de-guincho","status":"publish","type":"product","link":"https:\/\/stoic-curie.212-227-153-4.plesk.page\/pt\/product\/abastecedor-de-combustivel-em-aco-inoxidavel-50-mm-chave-de-guincho\/","title":{"rendered":"Abastecedor de Combust\u00edvel em A\u00e7o Inoxid\u00e1vel 50 mm (Chave de Guincho)"},"content":{"rendered":"<p>Abastecedor de Combust\u00edvel em A\u00e7o Inoxid\u00e1vel 50 mm (Chave de Guincho) &#8211; <\/p>\n<p>Enchimentos de conv\u00e9s em a\u00e7o inoxid\u00e1vel. <br \/> Podem ser abertos com uma al\u00e7a de guincho.<\/p>\n","protected":false},"excerpt":{"rendered":"<p>Abastecedor de Combust\u00edvel em A\u00e7o Inoxid\u00e1vel 50 mm (Chave de Guincho) &#8211; Enchimentos de conv\u00e9s em a\u00e7o inoxid\u00e1vel. Podem ser<\/p>\n","protected":false},"featured_media":5940280,"comment_status":"closed","ping_status":"closed","template":"","meta":[],"product_brand":[2947],"product_cat":[2088],"product_tag":[],"class_list":{"0":"post-3695976","1":"product","2":"type-product","3":"status-publish","4":"has-post-thumbnail","6":"product_brand-foresti-suardi-pt","7":"product_cat-bocais-de-enchimento-de-combustivel","9":"first","10":"instock","11":"shipping-taxable","12":"purchasable","13":"product-type-simple"},"_links":{"self":[{"href":"https:\/\/stoic-curie.212-227-153-4.plesk.page\/pt\/wp-json\/wp\/v2\/product\/3695976","targetHints":{"allow":["GET"]}}],"collection":[{"href":"https:\/\/stoic-curie.212-227-153-4.plesk.page\/pt\/wp-json\/wp\/v2\/product"}],"about":[{"href":"https:\/\/stoic-curie.212-227-153-4.plesk.page\/pt\/wp-json\/wp\/v2\/types\/product"}],"replies":[{"embeddable":true,"href":"https:\/\/stoic-curie.212-227-153-4.plesk.page\/pt\/wp-json\/wp\/v2\/comments?post=3695976"}],"version-history":[{"count":0,"href":"https:\/\/stoic-curie.212-227-153-4.plesk.page\/pt\/wp-json\/wp\/v2\/product\/3695976\/revisions"}],"wp:featuredmedia":[{"embeddable":true,"href":"https:\/\/stoic-curie.212-227-153-4.plesk.page\/pt\/wp-json\/wp\/v2\/media\/5940280"}],"wp:attachment":[{"href":"https:\/\/stoic-curie.212-227-153-4.plesk.page\/pt\/wp-json\/wp\/v2\/media?parent=3695976"}],"wp:term":[{"taxonomy":"product_brand","embeddable":true,"href":"https:\/\/stoic-curie.212-227-153-4.plesk.page\/pt\/wp-json\/wp\/v2\/product_brand?post=3695976"},{"taxonomy":"product_cat","embeddable":true,"href":"https:\/\/stoic-curie.212-227-153-4.plesk.page\/pt\/wp-json\/wp\/v2\/product_cat?post=3695976"},{"taxonomy":"product_tag","embeddable":true,"href":"https:\/\/stoic-curie.212-227-153-4.plesk.page\/pt\/wp-json\/wp\/v2\/product_tag?post=3695976"}],"curies":[{"name":"wp","href":"https:\/\/api.w.org\/{rel}","templated":true}]}}