{"id":3695981,"date":"2025-10-13T14:07:24","date_gmt":"2025-10-13T18:07:24","guid":{"rendered":"https:\/\/stoic-curie.212-227-153-4.plesk.page\/product\/abastecedor-de-conves-elevavel-em-aco-inoxidavel-para-agua-residual-d38\/"},"modified":"2026-02-25T00:27:54","modified_gmt":"2026-02-25T00:27:54","slug":"abastecedor-de-conves-elevavel-em-aco-inoxidavel-para-agua-residual-d38","status":"publish","type":"product","link":"https:\/\/stoic-curie.212-227-153-4.plesk.page\/pt\/product\/abastecedor-de-conves-elevavel-em-aco-inoxidavel-para-agua-residual-d38\/","title":{"rendered":"Abastecedor de Conv\u00e9s elev\u00e1vel em A\u00e7o Inoxid\u00e1vel para \u00c1gua Residual D38"},"content":{"rendered":"<p>Abastecedor de Conv\u00e9s elev\u00e1vel em A\u00e7o Inoxid\u00e1vel para \u00c1gua Residual D38 &#8211; <\/p>\n<p>Aberturas embutidas em a\u00e7o inoxid\u00e1vel para o conv\u00e9s.<\/p>\n","protected":false},"excerpt":{"rendered":"<p>Abastecedor de Conv\u00e9s elev\u00e1vel em A\u00e7o Inoxid\u00e1vel para \u00c1gua Residual D38 &#8211; Aberturas embutidas em a\u00e7o inoxid\u00e1vel para o conv\u00e9s.<\/p>\n","protected":false},"featured_media":5940281,"comment_status":"closed","ping_status":"closed","template":"","meta":[],"product_brand":[3122],"product_cat":[1936],"product_tag":[],"class_list":{"0":"post-3695981","1":"product","2":"type-product","3":"status-publish","4":"has-post-thumbnail","6":"product_brand-marinetech-pt","7":"product_cat-tanques-de-aguas-residuais","9":"first","10":"instock","11":"shipping-taxable","12":"purchasable","13":"product-type-simple"},"_links":{"self":[{"href":"https:\/\/stoic-curie.212-227-153-4.plesk.page\/pt\/wp-json\/wp\/v2\/product\/3695981","targetHints":{"allow":["GET"]}}],"collection":[{"href":"https:\/\/stoic-curie.212-227-153-4.plesk.page\/pt\/wp-json\/wp\/v2\/product"}],"about":[{"href":"https:\/\/stoic-curie.212-227-153-4.plesk.page\/pt\/wp-json\/wp\/v2\/types\/product"}],"replies":[{"embeddable":true,"href":"https:\/\/stoic-curie.212-227-153-4.plesk.page\/pt\/wp-json\/wp\/v2\/comments?post=3695981"}],"version-history":[{"count":0,"href":"https:\/\/stoic-curie.212-227-153-4.plesk.page\/pt\/wp-json\/wp\/v2\/product\/3695981\/revisions"}],"wp:featuredmedia":[{"embeddable":true,"href":"https:\/\/stoic-curie.212-227-153-4.plesk.page\/pt\/wp-json\/wp\/v2\/media\/5940281"}],"wp:attachment":[{"href":"https:\/\/stoic-curie.212-227-153-4.plesk.page\/pt\/wp-json\/wp\/v2\/media?parent=3695981"}],"wp:term":[{"taxonomy":"product_brand","embeddable":true,"href":"https:\/\/stoic-curie.212-227-153-4.plesk.page\/pt\/wp-json\/wp\/v2\/product_brand?post=3695981"},{"taxonomy":"product_cat","embeddable":true,"href":"https:\/\/stoic-curie.212-227-153-4.plesk.page\/pt\/wp-json\/wp\/v2\/product_cat?post=3695981"},{"taxonomy":"product_tag","embeddable":true,"href":"https:\/\/stoic-curie.212-227-153-4.plesk.page\/pt\/wp-json\/wp\/v2\/product_tag?post=3695981"}],"curies":[{"name":"wp","href":"https:\/\/api.w.org\/{rel}","templated":true}]}}