{"id":3695984,"date":"2025-10-13T14:07:25","date_gmt":"2025-10-13T18:07:25","guid":{"rendered":"https:\/\/stoic-curie.212-227-153-4.plesk.page\/product\/abastecedor-de-agua-residual-inclinado-45o-para-mangueira-de-38-mm\/"},"modified":"2026-02-25T00:27:54","modified_gmt":"2026-02-25T00:27:54","slug":"abastecedor-de-agua-residual-inclinado-45o-para-mangueira-de-38-mm","status":"publish","type":"product","link":"https:\/\/stoic-curie.212-227-153-4.plesk.page\/pt\/product\/abastecedor-de-agua-residual-inclinado-45o-para-mangueira-de-38-mm\/","title":{"rendered":"Abastecedor de \u00c1gua Residual Inclinado 45\u00ba para mangueira de 38 mm"},"content":{"rendered":"<p>Abastecedor de \u00c1gua Residual Inclinado 45\u00ba para mangueira de 38 mm &#8211; <\/p>\n<p> Tampa de enchimento angular em a\u00e7o inoxid\u00e1vel para instala\u00e7\u00e3o embutida.<\/p>\n","protected":false},"excerpt":{"rendered":"<p>Abastecedor de \u00c1gua Residual Inclinado 45\u00ba para mangueira de 38 mm &#8211; Tampa de enchimento angular em a\u00e7o inoxid\u00e1vel para<\/p>\n","protected":false},"featured_media":5940283,"comment_status":"closed","ping_status":"closed","template":"","meta":[],"product_brand":[3122],"product_cat":[1936],"product_tag":[],"class_list":{"0":"post-3695984","1":"product","2":"type-product","3":"status-publish","4":"has-post-thumbnail","6":"product_brand-marinetech-pt","7":"product_cat-tanques-de-aguas-residuais","9":"first","10":"instock","11":"shipping-taxable","12":"purchasable","13":"product-type-simple"},"_links":{"self":[{"href":"https:\/\/stoic-curie.212-227-153-4.plesk.page\/pt\/wp-json\/wp\/v2\/product\/3695984","targetHints":{"allow":["GET"]}}],"collection":[{"href":"https:\/\/stoic-curie.212-227-153-4.plesk.page\/pt\/wp-json\/wp\/v2\/product"}],"about":[{"href":"https:\/\/stoic-curie.212-227-153-4.plesk.page\/pt\/wp-json\/wp\/v2\/types\/product"}],"replies":[{"embeddable":true,"href":"https:\/\/stoic-curie.212-227-153-4.plesk.page\/pt\/wp-json\/wp\/v2\/comments?post=3695984"}],"version-history":[{"count":0,"href":"https:\/\/stoic-curie.212-227-153-4.plesk.page\/pt\/wp-json\/wp\/v2\/product\/3695984\/revisions"}],"wp:featuredmedia":[{"embeddable":true,"href":"https:\/\/stoic-curie.212-227-153-4.plesk.page\/pt\/wp-json\/wp\/v2\/media\/5940283"}],"wp:attachment":[{"href":"https:\/\/stoic-curie.212-227-153-4.plesk.page\/pt\/wp-json\/wp\/v2\/media?parent=3695984"}],"wp:term":[{"taxonomy":"product_brand","embeddable":true,"href":"https:\/\/stoic-curie.212-227-153-4.plesk.page\/pt\/wp-json\/wp\/v2\/product_brand?post=3695984"},{"taxonomy":"product_cat","embeddable":true,"href":"https:\/\/stoic-curie.212-227-153-4.plesk.page\/pt\/wp-json\/wp\/v2\/product_cat?post=3695984"},{"taxonomy":"product_tag","embeddable":true,"href":"https:\/\/stoic-curie.212-227-153-4.plesk.page\/pt\/wp-json\/wp\/v2\/product_tag?post=3695984"}],"curies":[{"name":"wp","href":"https:\/\/api.w.org\/{rel}","templated":true}]}}