{"id":3695985,"date":"2025-10-13T14:07:25","date_gmt":"2025-10-13T18:07:25","guid":{"rendered":"https:\/\/stoic-curie.212-227-153-4.plesk.page\/product\/abastecedor-de-agua-em-aco-inoxidavel-com-ventilacao-38-mm\/"},"modified":"2026-02-25T00:27:54","modified_gmt":"2026-02-25T00:27:54","slug":"abastecedor-de-agua-em-aco-inoxidavel-com-ventilacao-38-mm","status":"publish","type":"product","link":"https:\/\/stoic-curie.212-227-153-4.plesk.page\/pt\/product\/abastecedor-de-agua-em-aco-inoxidavel-com-ventilacao-38-mm\/","title":{"rendered":"Abastecedor de \u00c1gua em A\u00e7o Inoxid\u00e1vel com Ventila\u00e7\u00e3o 38 mm"},"content":{"rendered":"<p>Abastecedor de \u00c1gua em A\u00e7o Inoxid\u00e1vel com Ventila\u00e7\u00e3o 38 mm &#8211; <\/p>\n<p>Preenchimento de conv\u00e9s em a\u00e7o inoxid\u00e1vel com ventila\u00e7\u00e3o.<\/p>\n","protected":false},"excerpt":{"rendered":"<p>Abastecedor de \u00c1gua em A\u00e7o Inoxid\u00e1vel com Ventila\u00e7\u00e3o 38 mm &#8211; Preenchimento de conv\u00e9s em a\u00e7o inoxid\u00e1vel com ventila\u00e7\u00e3o.<\/p>\n","protected":false},"featured_media":5940284,"comment_status":"closed","ping_status":"closed","template":"","meta":[],"product_brand":[2807],"product_cat":[1955],"product_tag":[],"class_list":{"0":"post-3695985","1":"product","2":"type-product","3":"status-publish","4":"has-post-thumbnail","6":"product_brand-attwood-pt","7":"product_cat-tampao-de-enchimento-de-conves","9":"first","10":"instock","11":"shipping-taxable","12":"purchasable","13":"product-type-simple"},"_links":{"self":[{"href":"https:\/\/stoic-curie.212-227-153-4.plesk.page\/pt\/wp-json\/wp\/v2\/product\/3695985","targetHints":{"allow":["GET"]}}],"collection":[{"href":"https:\/\/stoic-curie.212-227-153-4.plesk.page\/pt\/wp-json\/wp\/v2\/product"}],"about":[{"href":"https:\/\/stoic-curie.212-227-153-4.plesk.page\/pt\/wp-json\/wp\/v2\/types\/product"}],"replies":[{"embeddable":true,"href":"https:\/\/stoic-curie.212-227-153-4.plesk.page\/pt\/wp-json\/wp\/v2\/comments?post=3695985"}],"version-history":[{"count":0,"href":"https:\/\/stoic-curie.212-227-153-4.plesk.page\/pt\/wp-json\/wp\/v2\/product\/3695985\/revisions"}],"wp:featuredmedia":[{"embeddable":true,"href":"https:\/\/stoic-curie.212-227-153-4.plesk.page\/pt\/wp-json\/wp\/v2\/media\/5940284"}],"wp:attachment":[{"href":"https:\/\/stoic-curie.212-227-153-4.plesk.page\/pt\/wp-json\/wp\/v2\/media?parent=3695985"}],"wp:term":[{"taxonomy":"product_brand","embeddable":true,"href":"https:\/\/stoic-curie.212-227-153-4.plesk.page\/pt\/wp-json\/wp\/v2\/product_brand?post=3695985"},{"taxonomy":"product_cat","embeddable":true,"href":"https:\/\/stoic-curie.212-227-153-4.plesk.page\/pt\/wp-json\/wp\/v2\/product_cat?post=3695985"},{"taxonomy":"product_tag","embeddable":true,"href":"https:\/\/stoic-curie.212-227-153-4.plesk.page\/pt\/wp-json\/wp\/v2\/product_tag?post=3695985"}],"curies":[{"name":"wp","href":"https:\/\/api.w.org\/{rel}","templated":true}]}}