{"id":3695997,"date":"2025-10-13T14:07:27","date_gmt":"2025-10-13T18:07:27","guid":{"rendered":"https:\/\/stoic-curie.212-227-153-4.plesk.page\/product\/filtro-de-agua-em-linha-3-4\/"},"modified":"2026-02-25T00:27:54","modified_gmt":"2026-02-25T00:27:54","slug":"filtro-de-agua-em-linha-3-4","status":"publish","type":"product","link":"https:\/\/stoic-curie.212-227-153-4.plesk.page\/pt\/product\/filtro-de-agua-em-linha-3-4\/","title":{"rendered":"Filtro de \u00c1gua em Linha (3\/4&#8243;)"},"content":{"rendered":"<p>Filtro de \u00c1gua em Linha (3\/4&#8243;) &#8211; <\/p>\n<p>Filtro inline para \u00e1gua sanit\u00e1ria. N\u00e3o torna a \u00e1gua pot\u00e1vel, apenas ret\u00e9m as impurezas.<\/p>\n","protected":false},"excerpt":{"rendered":"<p>Filtro de \u00c1gua em Linha (3\/4&#8243;) &#8211; Filtro inline para \u00e1gua sanit\u00e1ria. N\u00e3o torna a \u00e1gua pot\u00e1vel, apenas ret\u00e9m as<\/p>\n","protected":false},"featured_media":5940310,"comment_status":"closed","ping_status":"closed","template":"","meta":[],"product_brand":[3357],"product_cat":[1949],"product_tag":[],"class_list":{"0":"post-3695997","1":"product","2":"type-product","3":"status-publish","4":"has-post-thumbnail","6":"product_brand-seaflow-pt","7":"product_cat-filtros-de-agua-agua-a-bordo-2","9":"first","10":"instock","11":"shipping-taxable","12":"purchasable","13":"product-type-simple"},"_links":{"self":[{"href":"https:\/\/stoic-curie.212-227-153-4.plesk.page\/pt\/wp-json\/wp\/v2\/product\/3695997","targetHints":{"allow":["GET"]}}],"collection":[{"href":"https:\/\/stoic-curie.212-227-153-4.plesk.page\/pt\/wp-json\/wp\/v2\/product"}],"about":[{"href":"https:\/\/stoic-curie.212-227-153-4.plesk.page\/pt\/wp-json\/wp\/v2\/types\/product"}],"replies":[{"embeddable":true,"href":"https:\/\/stoic-curie.212-227-153-4.plesk.page\/pt\/wp-json\/wp\/v2\/comments?post=3695997"}],"version-history":[{"count":0,"href":"https:\/\/stoic-curie.212-227-153-4.plesk.page\/pt\/wp-json\/wp\/v2\/product\/3695997\/revisions"}],"wp:featuredmedia":[{"embeddable":true,"href":"https:\/\/stoic-curie.212-227-153-4.plesk.page\/pt\/wp-json\/wp\/v2\/media\/5940310"}],"wp:attachment":[{"href":"https:\/\/stoic-curie.212-227-153-4.plesk.page\/pt\/wp-json\/wp\/v2\/media?parent=3695997"}],"wp:term":[{"taxonomy":"product_brand","embeddable":true,"href":"https:\/\/stoic-curie.212-227-153-4.plesk.page\/pt\/wp-json\/wp\/v2\/product_brand?post=3695997"},{"taxonomy":"product_cat","embeddable":true,"href":"https:\/\/stoic-curie.212-227-153-4.plesk.page\/pt\/wp-json\/wp\/v2\/product_cat?post=3695997"},{"taxonomy":"product_tag","embeddable":true,"href":"https:\/\/stoic-curie.212-227-153-4.plesk.page\/pt\/wp-json\/wp\/v2\/product_tag?post=3695997"}],"curies":[{"name":"wp","href":"https:\/\/api.w.org\/{rel}","templated":true}]}}