{"id":3695999,"date":"2025-10-13T14:07:27","date_gmt":"2025-10-13T18:07:27","guid":{"rendered":"https:\/\/stoic-curie.212-227-153-4.plesk.page\/product\/filtro-de-agua-johnson-2-x-klick\/"},"modified":"2026-02-25T00:27:54","modified_gmt":"2026-02-25T00:27:54","slug":"filtro-de-agua-johnson-2-x-klick","status":"publish","type":"product","link":"https:\/\/stoic-curie.212-227-153-4.plesk.page\/pt\/product\/filtro-de-agua-johnson-2-x-klick\/","title":{"rendered":"Filtro de \u00c1gua Johnson 2 x Klick"},"content":{"rendered":"<p>Filtro de \u00c1gua Johnson 2 x Klick &#8211; <\/p>\n<p>Filtros de prote\u00e7\u00e3o Johnson para sistemas de \u00e1gua sanit\u00e1ria em barcos. Podem ser usados como filtros em linha ou montados com os conectores KlickTite nas bombas de \u00e1gua.<\/p>\n","protected":false},"excerpt":{"rendered":"<p>Filtro de \u00c1gua Johnson 2 x Klick &#8211; Filtros de prote\u00e7\u00e3o Johnson para sistemas de \u00e1gua sanit\u00e1ria em barcos. Podem<\/p>\n","protected":false},"featured_media":5940311,"comment_status":"closed","ping_status":"closed","template":"","meta":[],"product_brand":[3047],"product_cat":[1947,1949],"product_tag":[],"class_list":{"0":"post-3695999","1":"product","2":"type-product","3":"status-publish","4":"has-post-thumbnail","6":"product_brand-johnson-marine-pt","7":"product_cat-bombas-de-pressao-de-agua","8":"product_cat-filtros-de-agua-agua-a-bordo-2","10":"first","11":"instock","12":"shipping-taxable","13":"purchasable","14":"product-type-simple"},"_links":{"self":[{"href":"https:\/\/stoic-curie.212-227-153-4.plesk.page\/pt\/wp-json\/wp\/v2\/product\/3695999","targetHints":{"allow":["GET"]}}],"collection":[{"href":"https:\/\/stoic-curie.212-227-153-4.plesk.page\/pt\/wp-json\/wp\/v2\/product"}],"about":[{"href":"https:\/\/stoic-curie.212-227-153-4.plesk.page\/pt\/wp-json\/wp\/v2\/types\/product"}],"replies":[{"embeddable":true,"href":"https:\/\/stoic-curie.212-227-153-4.plesk.page\/pt\/wp-json\/wp\/v2\/comments?post=3695999"}],"version-history":[{"count":0,"href":"https:\/\/stoic-curie.212-227-153-4.plesk.page\/pt\/wp-json\/wp\/v2\/product\/3695999\/revisions"}],"wp:featuredmedia":[{"embeddable":true,"href":"https:\/\/stoic-curie.212-227-153-4.plesk.page\/pt\/wp-json\/wp\/v2\/media\/5940311"}],"wp:attachment":[{"href":"https:\/\/stoic-curie.212-227-153-4.plesk.page\/pt\/wp-json\/wp\/v2\/media?parent=3695999"}],"wp:term":[{"taxonomy":"product_brand","embeddable":true,"href":"https:\/\/stoic-curie.212-227-153-4.plesk.page\/pt\/wp-json\/wp\/v2\/product_brand?post=3695999"},{"taxonomy":"product_cat","embeddable":true,"href":"https:\/\/stoic-curie.212-227-153-4.plesk.page\/pt\/wp-json\/wp\/v2\/product_cat?post=3695999"},{"taxonomy":"product_tag","embeddable":true,"href":"https:\/\/stoic-curie.212-227-153-4.plesk.page\/pt\/wp-json\/wp\/v2\/product_tag?post=3695999"}],"curies":[{"name":"wp","href":"https:\/\/api.w.org\/{rel}","templated":true}]}}