{"id":3696008,"date":"2025-10-13T14:07:29","date_gmt":"2025-10-13T18:07:29","guid":{"rendered":"https:\/\/stoic-curie.212-227-153-4.plesk.page\/product\/tampa-de-cubo-polida-em-latao-para-volantes-de-timoneiro-de-490-a-650-mm\/"},"modified":"2026-02-25T00:27:54","modified_gmt":"2026-02-25T00:27:54","slug":"tampa-de-cubo-polida-em-latao-para-volantes-de-timoneiro-de-490-a-650-mm","status":"publish","type":"product","link":"https:\/\/stoic-curie.212-227-153-4.plesk.page\/pt\/product\/tampa-de-cubo-polida-em-latao-para-volantes-de-timoneiro-de-490-a-650-mm\/","title":{"rendered":"Tampa de Cubo Polida em Lat\u00e3o para volantes de timoneiro de 490 a 650 mm"},"content":{"rendered":"<p>Tampa de Cubo Polida em Lat\u00e3o para volantes de timoneiro de 490 a 650 mm &#8211; <\/p>\n<p>Cap\u00f4 de lat\u00e3o polido e bucha de redu\u00e7\u00e3o c\u00f4nica para rodas de timoneiro. A bucha reduz de 25 para 19 mm (de 1&#8243; para 3\/4&#8243;).<\/p>\n","protected":false},"excerpt":{"rendered":"<p>Tampa de Cubo Polida em Lat\u00e3o para volantes de timoneiro de 490 a 650 mm &#8211; Cap\u00f4 de lat\u00e3o polido<\/p>\n","protected":false},"featured_media":5940349,"comment_status":"closed","ping_status":"closed","template":"","meta":[],"product_brand":[3332],"product_cat":[2109],"product_tag":[],"class_list":{"0":"post-3696008","1":"product","2":"type-product","3":"status-publish","4":"has-post-thumbnail","6":"product_brand-savoretti-pt","7":"product_cat-rodas-de-leme","9":"first","10":"instock","11":"shipping-taxable","12":"purchasable","13":"product-type-simple"},"_links":{"self":[{"href":"https:\/\/stoic-curie.212-227-153-4.plesk.page\/pt\/wp-json\/wp\/v2\/product\/3696008","targetHints":{"allow":["GET"]}}],"collection":[{"href":"https:\/\/stoic-curie.212-227-153-4.plesk.page\/pt\/wp-json\/wp\/v2\/product"}],"about":[{"href":"https:\/\/stoic-curie.212-227-153-4.plesk.page\/pt\/wp-json\/wp\/v2\/types\/product"}],"replies":[{"embeddable":true,"href":"https:\/\/stoic-curie.212-227-153-4.plesk.page\/pt\/wp-json\/wp\/v2\/comments?post=3696008"}],"version-history":[{"count":0,"href":"https:\/\/stoic-curie.212-227-153-4.plesk.page\/pt\/wp-json\/wp\/v2\/product\/3696008\/revisions"}],"wp:featuredmedia":[{"embeddable":true,"href":"https:\/\/stoic-curie.212-227-153-4.plesk.page\/pt\/wp-json\/wp\/v2\/media\/5940349"}],"wp:attachment":[{"href":"https:\/\/stoic-curie.212-227-153-4.plesk.page\/pt\/wp-json\/wp\/v2\/media?parent=3696008"}],"wp:term":[{"taxonomy":"product_brand","embeddable":true,"href":"https:\/\/stoic-curie.212-227-153-4.plesk.page\/pt\/wp-json\/wp\/v2\/product_brand?post=3696008"},{"taxonomy":"product_cat","embeddable":true,"href":"https:\/\/stoic-curie.212-227-153-4.plesk.page\/pt\/wp-json\/wp\/v2\/product_cat?post=3696008"},{"taxonomy":"product_tag","embeddable":true,"href":"https:\/\/stoic-curie.212-227-153-4.plesk.page\/pt\/wp-json\/wp\/v2\/product_tag?post=3696008"}],"curies":[{"name":"wp","href":"https:\/\/api.w.org\/{rel}","templated":true}]}}