{"id":3696009,"date":"2025-10-13T14:07:29","date_gmt":"2025-10-13T18:07:29","guid":{"rendered":"https:\/\/stoic-curie.212-227-153-4.plesk.page\/product\/ultraflex-x63\/"},"modified":"2026-02-25T00:27:54","modified_gmt":"2026-02-25T00:27:54","slug":"ultraflex-x63","status":"publish","type":"product","link":"https:\/\/stoic-curie.212-227-153-4.plesk.page\/pt\/product\/ultraflex-x63\/","title":{"rendered":"Ultraflex X63"},"content":{"rendered":"<p>Ultraflex X63 &#8211; <\/p>\n<p>Volantes com estrutura em alum\u00ednio anodizado, pega macia em poliuretano e inser\u00e7\u00f5es prateadas. Marcado CE-ISO23411 em conformidade com os padr\u00f5es ABYC. O cubo e a tampa devem ser comprados separadamente.<\/p>\n","protected":false},"excerpt":{"rendered":"<p>Ultraflex X63 &#8211; Volantes com estrutura em alum\u00ednio anodizado, pega macia em poliuretano e inser\u00e7\u00f5es prateadas. Marcado CE-ISO23411 em conformidade<\/p>\n","protected":false},"featured_media":5940355,"comment_status":"closed","ping_status":"closed","template":"","meta":[],"product_brand":[3502],"product_cat":[2109],"product_tag":[],"class_list":{"0":"post-3696009","1":"product","2":"type-product","3":"status-publish","4":"has-post-thumbnail","6":"product_brand-ultraflex-uflex-pt","7":"product_cat-rodas-de-leme","9":"first","10":"instock","11":"shipping-taxable","12":"purchasable","13":"product-type-simple"},"_links":{"self":[{"href":"https:\/\/stoic-curie.212-227-153-4.plesk.page\/pt\/wp-json\/wp\/v2\/product\/3696009","targetHints":{"allow":["GET"]}}],"collection":[{"href":"https:\/\/stoic-curie.212-227-153-4.plesk.page\/pt\/wp-json\/wp\/v2\/product"}],"about":[{"href":"https:\/\/stoic-curie.212-227-153-4.plesk.page\/pt\/wp-json\/wp\/v2\/types\/product"}],"replies":[{"embeddable":true,"href":"https:\/\/stoic-curie.212-227-153-4.plesk.page\/pt\/wp-json\/wp\/v2\/comments?post=3696009"}],"version-history":[{"count":0,"href":"https:\/\/stoic-curie.212-227-153-4.plesk.page\/pt\/wp-json\/wp\/v2\/product\/3696009\/revisions"}],"wp:featuredmedia":[{"embeddable":true,"href":"https:\/\/stoic-curie.212-227-153-4.plesk.page\/pt\/wp-json\/wp\/v2\/media\/5940355"}],"wp:attachment":[{"href":"https:\/\/stoic-curie.212-227-153-4.plesk.page\/pt\/wp-json\/wp\/v2\/media?parent=3696009"}],"wp:term":[{"taxonomy":"product_brand","embeddable":true,"href":"https:\/\/stoic-curie.212-227-153-4.plesk.page\/pt\/wp-json\/wp\/v2\/product_brand?post=3696009"},{"taxonomy":"product_cat","embeddable":true,"href":"https:\/\/stoic-curie.212-227-153-4.plesk.page\/pt\/wp-json\/wp\/v2\/product_cat?post=3696009"},{"taxonomy":"product_tag","embeddable":true,"href":"https:\/\/stoic-curie.212-227-153-4.plesk.page\/pt\/wp-json\/wp\/v2\/product_tag?post=3696009"}],"curies":[{"name":"wp","href":"https:\/\/api.w.org\/{rel}","templated":true}]}}