{"id":3696013,"date":"2025-10-13T14:07:30","date_gmt":"2025-10-13T18:07:30","guid":{"rendered":"https:\/\/stoic-curie.212-227-153-4.plesk.page\/product\/almofadas-de-travessao-em-plastico-270x88-mm-cor-preta\/"},"modified":"2026-02-25T00:27:54","modified_gmt":"2026-02-25T00:27:54","slug":"almofadas-de-travessao-em-plastico-270x88-mm-cor-preta","status":"publish","type":"product","link":"https:\/\/stoic-curie.212-227-153-4.plesk.page\/pt\/product\/almofadas-de-travessao-em-plastico-270x88-mm-cor-preta\/","title":{"rendered":"Almofadas de Travess\u00e3o em Pl\u00e1stico 270&#215;88 mm, cor preta"},"content":{"rendered":"<p>Almofadas de Travess\u00e3o em Pl\u00e1stico 270&#215;88 mm, cor preta &#8211; <\/p>\n<p>Pad de transom pl\u00e1stico para motores fora de borda.<\/p>\n","protected":false},"excerpt":{"rendered":"<p>Almofadas de Travess\u00e3o em Pl\u00e1stico 270&#215;88 mm, cor preta &#8211; Pad de transom pl\u00e1stico para motores fora de borda.<\/p>\n","protected":false},"featured_media":5940380,"comment_status":"closed","ping_status":"closed","template":"","meta":[],"product_brand":[3212],"product_cat":[2114],"product_tag":[],"class_list":{"0":"post-3696013","1":"product","2":"type-product","3":"status-publish","4":"has-post-thumbnail","6":"product_brand-nuova-rade-pt","7":"product_cat-acessorios-para-motores-fora-de-bordo","9":"first","10":"instock","11":"shipping-taxable","12":"purchasable","13":"product-type-simple"},"_links":{"self":[{"href":"https:\/\/stoic-curie.212-227-153-4.plesk.page\/pt\/wp-json\/wp\/v2\/product\/3696013","targetHints":{"allow":["GET"]}}],"collection":[{"href":"https:\/\/stoic-curie.212-227-153-4.plesk.page\/pt\/wp-json\/wp\/v2\/product"}],"about":[{"href":"https:\/\/stoic-curie.212-227-153-4.plesk.page\/pt\/wp-json\/wp\/v2\/types\/product"}],"replies":[{"embeddable":true,"href":"https:\/\/stoic-curie.212-227-153-4.plesk.page\/pt\/wp-json\/wp\/v2\/comments?post=3696013"}],"version-history":[{"count":0,"href":"https:\/\/stoic-curie.212-227-153-4.plesk.page\/pt\/wp-json\/wp\/v2\/product\/3696013\/revisions"}],"wp:featuredmedia":[{"embeddable":true,"href":"https:\/\/stoic-curie.212-227-153-4.plesk.page\/pt\/wp-json\/wp\/v2\/media\/5940380"}],"wp:attachment":[{"href":"https:\/\/stoic-curie.212-227-153-4.plesk.page\/pt\/wp-json\/wp\/v2\/media?parent=3696013"}],"wp:term":[{"taxonomy":"product_brand","embeddable":true,"href":"https:\/\/stoic-curie.212-227-153-4.plesk.page\/pt\/wp-json\/wp\/v2\/product_brand?post=3696013"},{"taxonomy":"product_cat","embeddable":true,"href":"https:\/\/stoic-curie.212-227-153-4.plesk.page\/pt\/wp-json\/wp\/v2\/product_cat?post=3696013"},{"taxonomy":"product_tag","embeddable":true,"href":"https:\/\/stoic-curie.212-227-153-4.plesk.page\/pt\/wp-json\/wp\/v2\/product_tag?post=3696013"}],"curies":[{"name":"wp","href":"https:\/\/api.w.org\/{rel}","templated":true}]}}