{"id":3696403,"date":"2025-10-13T14:08:51","date_gmt":"2025-10-13T18:08:51","guid":{"rendered":"https:\/\/stoic-curie.212-227-153-4.plesk.page\/product\/amortecedor-de-amarra-modelo-unimer-smart-ate-16mm-de-corda\/"},"modified":"2026-02-25T00:27:56","modified_gmt":"2026-02-25T00:27:56","slug":"amortecedor-de-amarra-modelo-unimer-smart-ate-16mm-de-corda","status":"publish","type":"product","link":"https:\/\/stoic-curie.212-227-153-4.plesk.page\/pt\/product\/amortecedor-de-amarra-modelo-unimer-smart-ate-16mm-de-corda\/","title":{"rendered":"Amortecedor de Amarra Modelo Unimer Smart at\u00e9 16mm de Corda"},"content":{"rendered":"<p>Amortecedor de Amarra Modelo Unimer Smart at\u00e9 16mm de Corda &#8211; <\/p>\n<p>Amortecedores de amarra\u00e7\u00e3o em material el\u00e1stico forte que previnem danos aos barcos absorvendo cargas instant\u00e2neas nas linhas de amarra\u00e7\u00e3o. Vendido em pares. Sempre que necess\u00e1rio. O processo de montagem n\u00e3o requer a extremidade livre da linha. O efeito de compensa\u00e7\u00e3o pode ser facilmente ajustado adicionando mais compensadores na mesma linha.<\/p>\n","protected":false},"excerpt":{"rendered":"<p>Amortecedor de Amarra Modelo Unimer Smart at\u00e9 16mm de Corda &#8211; Amortecedores de amarra\u00e7\u00e3o em material el\u00e1stico forte que previnem<\/p>\n","protected":false},"featured_media":5936906,"comment_status":"closed","ping_status":"closed","template":"","meta":[],"product_brand":[3507],"product_cat":[1911],"product_tag":[],"class_list":{"0":"post-3696403","1":"product","2":"type-product","3":"status-publish","4":"has-post-thumbnail","6":"product_brand-unimer-pt","7":"product_cat-amortecedores-de-amarracao","9":"first","10":"instock","11":"shipping-taxable","12":"purchasable","13":"product-type-simple"},"_links":{"self":[{"href":"https:\/\/stoic-curie.212-227-153-4.plesk.page\/pt\/wp-json\/wp\/v2\/product\/3696403","targetHints":{"allow":["GET"]}}],"collection":[{"href":"https:\/\/stoic-curie.212-227-153-4.plesk.page\/pt\/wp-json\/wp\/v2\/product"}],"about":[{"href":"https:\/\/stoic-curie.212-227-153-4.plesk.page\/pt\/wp-json\/wp\/v2\/types\/product"}],"replies":[{"embeddable":true,"href":"https:\/\/stoic-curie.212-227-153-4.plesk.page\/pt\/wp-json\/wp\/v2\/comments?post=3696403"}],"version-history":[{"count":0,"href":"https:\/\/stoic-curie.212-227-153-4.plesk.page\/pt\/wp-json\/wp\/v2\/product\/3696403\/revisions"}],"wp:featuredmedia":[{"embeddable":true,"href":"https:\/\/stoic-curie.212-227-153-4.plesk.page\/pt\/wp-json\/wp\/v2\/media\/5936906"}],"wp:attachment":[{"href":"https:\/\/stoic-curie.212-227-153-4.plesk.page\/pt\/wp-json\/wp\/v2\/media?parent=3696403"}],"wp:term":[{"taxonomy":"product_brand","embeddable":true,"href":"https:\/\/stoic-curie.212-227-153-4.plesk.page\/pt\/wp-json\/wp\/v2\/product_brand?post=3696403"},{"taxonomy":"product_cat","embeddable":true,"href":"https:\/\/stoic-curie.212-227-153-4.plesk.page\/pt\/wp-json\/wp\/v2\/product_cat?post=3696403"},{"taxonomy":"product_tag","embeddable":true,"href":"https:\/\/stoic-curie.212-227-153-4.plesk.page\/pt\/wp-json\/wp\/v2\/product_tag?post=3696403"}],"curies":[{"name":"wp","href":"https:\/\/api.w.org\/{rel}","templated":true}]}}