{"id":3696404,"date":"2025-10-13T14:08:51","date_gmt":"2025-10-13T18:08:51","guid":{"rendered":"https:\/\/stoic-curie.212-227-153-4.plesk.page\/product\/lampada-sobressalente-24v-para-bussola-riviera\/"},"modified":"2026-02-25T00:27:56","modified_gmt":"2026-02-25T00:27:56","slug":"lampada-sobressalente-24v-para-bussola-riviera","status":"publish","type":"product","link":"https:\/\/stoic-curie.212-227-153-4.plesk.page\/pt\/product\/lampada-sobressalente-24v-para-bussola-riviera\/","title":{"rendered":"L\u00e2mpada Sobressalente 24v para B\u00fassola Riviera"},"content":{"rendered":"<p>L\u00e2mpada Sobressalente 24v para B\u00fassola Riviera &#8211; <\/p>\n<p>Compasso de montagem em a\u00e7o inoxid\u00e1vel White Star B6W5 com tela antirreflexo e capa de prote\u00e7\u00e3o. Vers\u00e3o padr\u00e3o e de alta velocidade para barcos r\u00e1pidos. <br \/> \u2022 Configura\u00e7\u00e3o de compensa\u00e7\u00e3o integrada <br \/> \u2022 Gimbal interno <br \/> \u2022 Ilumina\u00e7\u00e3o: 24V (12V a pedido) <br \/> \u2022 Di\u00e2metro aparente do cart\u00e3o 6\u201d &#8211; 150 mm <br \/> \u2022 Leitura reversa (gradua\u00e7\u00e3o do cart\u00e3o 5\u00b0 &#8211; 2\u00b0) <br \/> \u2022 Para barcos padr\u00e3o e de alta velocidade <br \/> \u2022 Aprovado para embarca\u00e7\u00f5es de lazer e comerciais de at\u00e9 150t <br \/> \u2022 Garantia de 3 anos <br \/> * Certifica\u00e7\u00e3o MED (se necess\u00e1rio) a ser solicitada antes da compra <\/p>\n","protected":false},"excerpt":{"rendered":"<p>L\u00e2mpada Sobressalente 24v para B\u00fassola Riviera &#8211; Compasso de montagem em a\u00e7o inoxid\u00e1vel White Star B6W5 com tela antirreflexo e<\/p>\n","protected":false},"featured_media":5941177,"comment_status":"closed","ping_status":"closed","template":"","meta":[],"product_brand":[3307],"product_cat":[2067],"product_tag":[],"class_list":{"0":"post-3696404","1":"product","2":"type-product","3":"status-publish","4":"has-post-thumbnail","6":"product_brand-riviera-pt","7":"product_cat-bussola-de-navegacao","9":"first","10":"instock","11":"shipping-taxable","12":"purchasable","13":"product-type-simple"},"_links":{"self":[{"href":"https:\/\/stoic-curie.212-227-153-4.plesk.page\/pt\/wp-json\/wp\/v2\/product\/3696404","targetHints":{"allow":["GET"]}}],"collection":[{"href":"https:\/\/stoic-curie.212-227-153-4.plesk.page\/pt\/wp-json\/wp\/v2\/product"}],"about":[{"href":"https:\/\/stoic-curie.212-227-153-4.plesk.page\/pt\/wp-json\/wp\/v2\/types\/product"}],"replies":[{"embeddable":true,"href":"https:\/\/stoic-curie.212-227-153-4.plesk.page\/pt\/wp-json\/wp\/v2\/comments?post=3696404"}],"version-history":[{"count":0,"href":"https:\/\/stoic-curie.212-227-153-4.plesk.page\/pt\/wp-json\/wp\/v2\/product\/3696404\/revisions"}],"wp:featuredmedia":[{"embeddable":true,"href":"https:\/\/stoic-curie.212-227-153-4.plesk.page\/pt\/wp-json\/wp\/v2\/media\/5941177"}],"wp:attachment":[{"href":"https:\/\/stoic-curie.212-227-153-4.plesk.page\/pt\/wp-json\/wp\/v2\/media?parent=3696404"}],"wp:term":[{"taxonomy":"product_brand","embeddable":true,"href":"https:\/\/stoic-curie.212-227-153-4.plesk.page\/pt\/wp-json\/wp\/v2\/product_brand?post=3696404"},{"taxonomy":"product_cat","embeddable":true,"href":"https:\/\/stoic-curie.212-227-153-4.plesk.page\/pt\/wp-json\/wp\/v2\/product_cat?post=3696404"},{"taxonomy":"product_tag","embeddable":true,"href":"https:\/\/stoic-curie.212-227-153-4.plesk.page\/pt\/wp-json\/wp\/v2\/product_tag?post=3696404"}],"curies":[{"name":"wp","href":"https:\/\/api.w.org\/{rel}","templated":true}]}}