{"id":3696406,"date":"2025-10-13T14:08:51","date_gmt":"2025-10-13T18:08:51","guid":{"rendered":"https:\/\/stoic-curie.212-227-153-4.plesk.page\/product\/kit-de-anodos-de-aluminio-para-mercury-verado-4-e-optimax\/"},"modified":"2026-02-25T00:27:56","modified_gmt":"2026-02-25T00:27:56","slug":"kit-de-anodos-de-aluminio-para-mercury-verado-4-e-optimax","status":"publish","type":"product","link":"https:\/\/stoic-curie.212-227-153-4.plesk.page\/pt\/product\/kit-de-anodos-de-aluminio-para-mercury-verado-4-e-optimax\/","title":{"rendered":"Kit de Anodos de Alum\u00ednio para Mercury Verado 4 e Optimax"},"content":{"rendered":"<p>Kit de Anodos de Alum\u00ednio para Mercury Verado 4 e Optimax &#8211; <\/p>\n<p>Kit de \u00e2nodo de liga de alum\u00ednio M2 &#8220;Genuine Type&#8221; da Martyr para Verado 4 \/ Optimax. <br \/>\u2022 Protege 50% mais do que \u00e2nodos de zinco tradicionais <br \/>\u2022 Pesa 50% menos do que \u00e2nodos de zinco tradicionais <br \/>O kit cont\u00e9m: <br \/>1 x 818298Q1 <br \/>2 x 826134Q <br \/>1 x 76214Q5<\/p>\n","protected":false},"excerpt":{"rendered":"<p>Kit de Anodos de Alum\u00ednio para Mercury Verado 4 e Optimax &#8211; Kit de \u00e2nodo de liga de alum\u00ednio M2<\/p>\n","protected":false},"featured_media":5941185,"comment_status":"closed","ping_status":"closed","template":"","meta":[],"product_brand":[3127],"product_cat":[2102],"product_tag":[],"class_list":{"0":"post-3696406","1":"product","2":"type-product","3":"status-publish","4":"has-post-thumbnail","6":"product_brand-martyr-pt","7":"product_cat-pecas-para-motores-fora-de-bordo-mercury-e-mariner","9":"first","10":"instock","11":"shipping-taxable","12":"purchasable","13":"product-type-simple"},"_links":{"self":[{"href":"https:\/\/stoic-curie.212-227-153-4.plesk.page\/pt\/wp-json\/wp\/v2\/product\/3696406","targetHints":{"allow":["GET"]}}],"collection":[{"href":"https:\/\/stoic-curie.212-227-153-4.plesk.page\/pt\/wp-json\/wp\/v2\/product"}],"about":[{"href":"https:\/\/stoic-curie.212-227-153-4.plesk.page\/pt\/wp-json\/wp\/v2\/types\/product"}],"replies":[{"embeddable":true,"href":"https:\/\/stoic-curie.212-227-153-4.plesk.page\/pt\/wp-json\/wp\/v2\/comments?post=3696406"}],"version-history":[{"count":0,"href":"https:\/\/stoic-curie.212-227-153-4.plesk.page\/pt\/wp-json\/wp\/v2\/product\/3696406\/revisions"}],"wp:featuredmedia":[{"embeddable":true,"href":"https:\/\/stoic-curie.212-227-153-4.plesk.page\/pt\/wp-json\/wp\/v2\/media\/5941185"}],"wp:attachment":[{"href":"https:\/\/stoic-curie.212-227-153-4.plesk.page\/pt\/wp-json\/wp\/v2\/media?parent=3696406"}],"wp:term":[{"taxonomy":"product_brand","embeddable":true,"href":"https:\/\/stoic-curie.212-227-153-4.plesk.page\/pt\/wp-json\/wp\/v2\/product_brand?post=3696406"},{"taxonomy":"product_cat","embeddable":true,"href":"https:\/\/stoic-curie.212-227-153-4.plesk.page\/pt\/wp-json\/wp\/v2\/product_cat?post=3696406"},{"taxonomy":"product_tag","embeddable":true,"href":"https:\/\/stoic-curie.212-227-153-4.plesk.page\/pt\/wp-json\/wp\/v2\/product_tag?post=3696406"}],"curies":[{"name":"wp","href":"https:\/\/api.w.org\/{rel}","templated":true}]}}