{"id":3696408,"date":"2025-10-13T14:08:52","date_gmt":"2025-10-13T18:08:52","guid":{"rendered":"https:\/\/stoic-curie.212-227-153-4.plesk.page\/product\/kit-de-anodos-de-aluminio-para-mercruiser-bravo-ii-bravo-iii\/"},"modified":"2026-02-25T00:27:56","modified_gmt":"2026-02-25T00:27:56","slug":"kit-de-anodos-de-aluminio-para-mercruiser-bravo-ii-bravo-iii","status":"publish","type":"product","link":"https:\/\/stoic-curie.212-227-153-4.plesk.page\/pt\/product\/kit-de-anodos-de-aluminio-para-mercruiser-bravo-ii-bravo-iii\/","title":{"rendered":"Kit de Anodos de Alum\u00ednio para Mercruiser Bravo II \/ Bravo III"},"content":{"rendered":"<p>Kit de Anodos de Alum\u00ednio para Mercruiser Bravo II \/ Bravo III &#8211; <\/p>\n<p>Kit de \u00e2nodo em liga de alum\u00ednio M2 &#8220;Tipo Genu\u00edno&#8221; Martyr para Bravo II \/ Bravo III.<br \/>\u2022 Protege 50 % mais do que \u00e2nodos de zinco tradicionais<br \/>\u2022 Pesa 50 % menos do que \u00e2nodos de zinco tradicionais<br \/>O kit cont\u00e9m:<br \/>1 x 76214Q5<br \/>1 x 821630Q1<br \/>2 x 806190Q1<\/p>\n","protected":false},"excerpt":{"rendered":"<p>Kit de Anodos de Alum\u00ednio para Mercruiser Bravo II \/ Bravo III &#8211; Kit de \u00e2nodo em liga de alum\u00ednio<\/p>\n","protected":false},"featured_media":5941187,"comment_status":"closed","ping_status":"closed","template":"","meta":[],"product_brand":[3127],"product_cat":[2117],"product_tag":[],"class_list":{"0":"post-3696408","1":"product","2":"type-product","3":"status-publish","4":"has-post-thumbnail","6":"product_brand-martyr-pt","7":"product_cat-pecas-para-motores-mercruiser","9":"first","10":"instock","11":"shipping-taxable","12":"purchasable","13":"product-type-simple"},"_links":{"self":[{"href":"https:\/\/stoic-curie.212-227-153-4.plesk.page\/pt\/wp-json\/wp\/v2\/product\/3696408","targetHints":{"allow":["GET"]}}],"collection":[{"href":"https:\/\/stoic-curie.212-227-153-4.plesk.page\/pt\/wp-json\/wp\/v2\/product"}],"about":[{"href":"https:\/\/stoic-curie.212-227-153-4.plesk.page\/pt\/wp-json\/wp\/v2\/types\/product"}],"replies":[{"embeddable":true,"href":"https:\/\/stoic-curie.212-227-153-4.plesk.page\/pt\/wp-json\/wp\/v2\/comments?post=3696408"}],"version-history":[{"count":0,"href":"https:\/\/stoic-curie.212-227-153-4.plesk.page\/pt\/wp-json\/wp\/v2\/product\/3696408\/revisions"}],"wp:featuredmedia":[{"embeddable":true,"href":"https:\/\/stoic-curie.212-227-153-4.plesk.page\/pt\/wp-json\/wp\/v2\/media\/5941187"}],"wp:attachment":[{"href":"https:\/\/stoic-curie.212-227-153-4.plesk.page\/pt\/wp-json\/wp\/v2\/media?parent=3696408"}],"wp:term":[{"taxonomy":"product_brand","embeddable":true,"href":"https:\/\/stoic-curie.212-227-153-4.plesk.page\/pt\/wp-json\/wp\/v2\/product_brand?post=3696408"},{"taxonomy":"product_cat","embeddable":true,"href":"https:\/\/stoic-curie.212-227-153-4.plesk.page\/pt\/wp-json\/wp\/v2\/product_cat?post=3696408"},{"taxonomy":"product_tag","embeddable":true,"href":"https:\/\/stoic-curie.212-227-153-4.plesk.page\/pt\/wp-json\/wp\/v2\/product_tag?post=3696408"}],"curies":[{"name":"wp","href":"https:\/\/api.w.org\/{rel}","templated":true}]}}