{"id":3696410,"date":"2025-10-13T14:08:52","date_gmt":"2025-10-13T18:08:52","guid":{"rendered":"https:\/\/stoic-curie.212-227-153-4.plesk.page\/product\/kit-de-anodos-de-aluminio-para-volvo-penta-sx\/"},"modified":"2026-02-25T00:27:56","modified_gmt":"2026-02-25T00:27:56","slug":"kit-de-anodos-de-aluminio-para-volvo-penta-sx","status":"publish","type":"product","link":"https:\/\/stoic-curie.212-227-153-4.plesk.page\/pt\/product\/kit-de-anodos-de-aluminio-para-volvo-penta-sx\/","title":{"rendered":"Kit de Anodos de Alum\u00ednio para Volvo Penta SX"},"content":{"rendered":"<p>Kit de Anodos de Alum\u00ednio para Volvo Penta SX &#8211; <\/p>\n<p>Kit de \u00e2nodo de alum\u00ednio M2 &#8220;Genuine Type&#8221; da Martyr para Volvo Penta SX. \u00e2\u0080\u00a2 Protege 50% mais do que \u00e2nodos de zinco tradicionais \u00e2\u0080\u00a2 Pesa 50% menos do que \u00e2nodos de zinco tradicionais O kit cont\u00e9m: 1 x 3855411 1 x 3854130<\/p>\n","protected":false},"excerpt":{"rendered":"<p>Kit de Anodos de Alum\u00ednio para Volvo Penta SX &#8211; Kit de \u00e2nodo de alum\u00ednio M2 &#8220;Genuine Type&#8221; da Martyr<\/p>\n","protected":false},"featured_media":5941189,"comment_status":"closed","ping_status":"closed","template":"","meta":[],"product_brand":[3127],"product_cat":[2116],"product_tag":[],"class_list":{"0":"post-3696410","1":"product","2":"type-product","3":"status-publish","4":"has-post-thumbnail","6":"product_brand-martyr-pt","7":"product_cat-pecas-para-motores-volvo-penta","9":"first","10":"instock","11":"shipping-taxable","12":"purchasable","13":"product-type-simple"},"_links":{"self":[{"href":"https:\/\/stoic-curie.212-227-153-4.plesk.page\/pt\/wp-json\/wp\/v2\/product\/3696410","targetHints":{"allow":["GET"]}}],"collection":[{"href":"https:\/\/stoic-curie.212-227-153-4.plesk.page\/pt\/wp-json\/wp\/v2\/product"}],"about":[{"href":"https:\/\/stoic-curie.212-227-153-4.plesk.page\/pt\/wp-json\/wp\/v2\/types\/product"}],"replies":[{"embeddable":true,"href":"https:\/\/stoic-curie.212-227-153-4.plesk.page\/pt\/wp-json\/wp\/v2\/comments?post=3696410"}],"version-history":[{"count":0,"href":"https:\/\/stoic-curie.212-227-153-4.plesk.page\/pt\/wp-json\/wp\/v2\/product\/3696410\/revisions"}],"wp:featuredmedia":[{"embeddable":true,"href":"https:\/\/stoic-curie.212-227-153-4.plesk.page\/pt\/wp-json\/wp\/v2\/media\/5941189"}],"wp:attachment":[{"href":"https:\/\/stoic-curie.212-227-153-4.plesk.page\/pt\/wp-json\/wp\/v2\/media?parent=3696410"}],"wp:term":[{"taxonomy":"product_brand","embeddable":true,"href":"https:\/\/stoic-curie.212-227-153-4.plesk.page\/pt\/wp-json\/wp\/v2\/product_brand?post=3696410"},{"taxonomy":"product_cat","embeddable":true,"href":"https:\/\/stoic-curie.212-227-153-4.plesk.page\/pt\/wp-json\/wp\/v2\/product_cat?post=3696410"},{"taxonomy":"product_tag","embeddable":true,"href":"https:\/\/stoic-curie.212-227-153-4.plesk.page\/pt\/wp-json\/wp\/v2\/product_tag?post=3696410"}],"curies":[{"name":"wp","href":"https:\/\/api.w.org\/{rel}","templated":true}]}}