{"id":3696421,"date":"2025-10-13T14:08:54","date_gmt":"2025-10-13T18:08:54","guid":{"rendered":"https:\/\/stoic-curie.212-227-153-4.plesk.page\/product\/trava-da-tampa-southco-novibra-38x44-5mm-com-pega-satinada\/"},"modified":"2026-02-25T00:27:56","modified_gmt":"2026-02-25T00:27:56","slug":"trava-da-tampa-southco-novibra-38x44-5mm-com-pega-satinada","status":"publish","type":"product","link":"https:\/\/stoic-curie.212-227-153-4.plesk.page\/pt\/product\/trava-da-tampa-southco-novibra-38x44-5mm-com-pega-satinada\/","title":{"rendered":"Trava da tampa Southco Novibra 38&#215;44.5mm com Pega Satinada"},"content":{"rendered":"<p>Trava da tampa Southco Novibra 38&#215;44.5mm com Pega Satinada &#8211; <\/p>\n<p>Trinco de painel Novibra para portas, escotilhas, gavetas, arm\u00e1rios e aplica\u00e7\u00f5es semelhantes. Instala\u00e7\u00e3o r\u00e1pida e f\u00e1cil, ajuda a eliminar o ru\u00eddo causado pelas vibra\u00e7\u00f5es do motor. Frente resistente \u00e0s intemp\u00e9ries, corpo de PC\/ABS resistente \u00e0 corros\u00e3o e aos raios UV.<\/p>\n","protected":false},"excerpt":{"rendered":"<p>Trava da tampa Southco Novibra 38&#215;44.5mm com Pega Satinada &#8211; Trinco de painel Novibra para portas, escotilhas, gavetas, arm\u00e1rios e<\/p>\n","protected":false},"featured_media":5941208,"comment_status":"closed","ping_status":"closed","template":"","meta":[],"product_brand":[3417],"product_cat":[1997,1974],"product_tag":[],"class_list":{"0":"post-3696421","1":"product","2":"type-product","3":"status-publish","4":"has-post-thumbnail","6":"product_brand-southco-mobella-pt","7":"product_cat-acessorios-de-cabine","8":"product_cat-trincos","10":"first","11":"instock","12":"shipping-taxable","13":"purchasable","14":"product-type-simple"},"_links":{"self":[{"href":"https:\/\/stoic-curie.212-227-153-4.plesk.page\/pt\/wp-json\/wp\/v2\/product\/3696421","targetHints":{"allow":["GET"]}}],"collection":[{"href":"https:\/\/stoic-curie.212-227-153-4.plesk.page\/pt\/wp-json\/wp\/v2\/product"}],"about":[{"href":"https:\/\/stoic-curie.212-227-153-4.plesk.page\/pt\/wp-json\/wp\/v2\/types\/product"}],"replies":[{"embeddable":true,"href":"https:\/\/stoic-curie.212-227-153-4.plesk.page\/pt\/wp-json\/wp\/v2\/comments?post=3696421"}],"version-history":[{"count":0,"href":"https:\/\/stoic-curie.212-227-153-4.plesk.page\/pt\/wp-json\/wp\/v2\/product\/3696421\/revisions"}],"wp:featuredmedia":[{"embeddable":true,"href":"https:\/\/stoic-curie.212-227-153-4.plesk.page\/pt\/wp-json\/wp\/v2\/media\/5941208"}],"wp:attachment":[{"href":"https:\/\/stoic-curie.212-227-153-4.plesk.page\/pt\/wp-json\/wp\/v2\/media?parent=3696421"}],"wp:term":[{"taxonomy":"product_brand","embeddable":true,"href":"https:\/\/stoic-curie.212-227-153-4.plesk.page\/pt\/wp-json\/wp\/v2\/product_brand?post=3696421"},{"taxonomy":"product_cat","embeddable":true,"href":"https:\/\/stoic-curie.212-227-153-4.plesk.page\/pt\/wp-json\/wp\/v2\/product_cat?post=3696421"},{"taxonomy":"product_tag","embeddable":true,"href":"https:\/\/stoic-curie.212-227-153-4.plesk.page\/pt\/wp-json\/wp\/v2\/product_tag?post=3696421"}],"curies":[{"name":"wp","href":"https:\/\/api.w.org\/{rel}","templated":true}]}}