{"id":3696424,"date":"2025-10-13T14:08:55","date_gmt":"2025-10-13T18:08:55","guid":{"rendered":"https:\/\/stoic-curie.212-227-153-4.plesk.page\/product\/cunho-de-conves-modelo-skandia-150mm-em-aco-inoxidavel\/"},"modified":"2026-02-25T00:27:56","modified_gmt":"2026-02-25T00:27:56","slug":"cunho-de-conves-modelo-skandia-150mm-em-aco-inoxidavel","status":"publish","type":"product","link":"https:\/\/stoic-curie.212-227-153-4.plesk.page\/pt\/product\/cunho-de-conves-modelo-skandia-150mm-em-aco-inoxidavel\/","title":{"rendered":"Cunho de Conv\u00e9s Modelo Skandia 150mm em A\u00e7o Inoxid\u00e1vel"},"content":{"rendered":"<p>Cunho de Conv\u00e9s Modelo Skandia 150mm em A\u00e7o Inoxid\u00e1vel &#8211; <\/p>\n<p>Cleat de a\u00e7o inoxid\u00e1vel 316 com forma plana e acabamento polido. 2 furos m\u00e9tricos ocultos e uma base estreita. Pode ser montado em espa\u00e7os apertados.<\/p>\n","protected":false},"excerpt":{"rendered":"<p>Cunho de Conv\u00e9s Modelo Skandia 150mm em A\u00e7o Inoxid\u00e1vel &#8211; Cleat de a\u00e7o inoxid\u00e1vel 316 com forma plana e acabamento<\/p>\n","protected":false},"featured_media":5941242,"comment_status":"closed","ping_status":"closed","template":"","meta":[],"product_brand":[3122],"product_cat":[1991],"product_tag":[],"class_list":{"0":"post-3696424","1":"product","2":"type-product","3":"status-publish","4":"has-post-thumbnail","6":"product_brand-marinetech-pt","7":"product_cat-cunhos","9":"first","10":"instock","11":"shipping-taxable","12":"purchasable","13":"product-type-simple"},"_links":{"self":[{"href":"https:\/\/stoic-curie.212-227-153-4.plesk.page\/pt\/wp-json\/wp\/v2\/product\/3696424","targetHints":{"allow":["GET"]}}],"collection":[{"href":"https:\/\/stoic-curie.212-227-153-4.plesk.page\/pt\/wp-json\/wp\/v2\/product"}],"about":[{"href":"https:\/\/stoic-curie.212-227-153-4.plesk.page\/pt\/wp-json\/wp\/v2\/types\/product"}],"replies":[{"embeddable":true,"href":"https:\/\/stoic-curie.212-227-153-4.plesk.page\/pt\/wp-json\/wp\/v2\/comments?post=3696424"}],"version-history":[{"count":0,"href":"https:\/\/stoic-curie.212-227-153-4.plesk.page\/pt\/wp-json\/wp\/v2\/product\/3696424\/revisions"}],"wp:featuredmedia":[{"embeddable":true,"href":"https:\/\/stoic-curie.212-227-153-4.plesk.page\/pt\/wp-json\/wp\/v2\/media\/5941242"}],"wp:attachment":[{"href":"https:\/\/stoic-curie.212-227-153-4.plesk.page\/pt\/wp-json\/wp\/v2\/media?parent=3696424"}],"wp:term":[{"taxonomy":"product_brand","embeddable":true,"href":"https:\/\/stoic-curie.212-227-153-4.plesk.page\/pt\/wp-json\/wp\/v2\/product_brand?post=3696424"},{"taxonomy":"product_cat","embeddable":true,"href":"https:\/\/stoic-curie.212-227-153-4.plesk.page\/pt\/wp-json\/wp\/v2\/product_cat?post=3696424"},{"taxonomy":"product_tag","embeddable":true,"href":"https:\/\/stoic-curie.212-227-153-4.plesk.page\/pt\/wp-json\/wp\/v2\/product_tag?post=3696424"}],"curies":[{"name":"wp","href":"https:\/\/api.w.org\/{rel}","templated":true}]}}